{"id":4957,"date":"2024-08-13T18:23:18","date_gmt":"2024-08-13T16:23:18","guid":{"rendered":"https:\/\/okiday.pl\/produkt\/zestaw-dluzszych-haczykow-czesc-zapasowa\/"},"modified":"2026-01-25T12:44:41","modified_gmt":"2026-01-25T11:44:41","slug":"zestaw-dluzszych-haczykow-czesc-zapasowa","status":"publish","type":"product","link":"https:\/\/okiday.pl\/en\/produkt\/zestaw-dluzszych-haczykow-czesc-zapasowa\/","title":{"rendered":"Set of longer hooks (spare part)"},"content":{"rendered":"<p>The set includes two longer hooks, which are especially useful in cars with very deep-set ISOFIX anchor points, such as the Skoda Superb or BMW X3.<\/p>\n<p>The longer hooks make it easier to install and remove the footrest.<\/p>\n<p>The photo shows a standard-length hook and a longer hook.<\/p>\n<p>The difference in length between the standard and longer hooks is 2.3 cm. This difference is sufficient to easily attach the footrest to the most inaccessible ISOFIX anchor points in any car.<\/p>\n","protected":false},"excerpt":{"rendered":"<p>The set includes two longer hooks, which are especially useful in cars with very deep-set ISOFIX anchor points, such as the Skoda Superb or BMW X3.<\/p>\n<p>The longer hooks make it easier to install and remove the footrest.<\/p>\n<p>The photo shows a standard-length hook and a longer hook.<\/p>\n<p>The difference in length between the standard and longer hooks is 2.3 cm. This difference is sufficient to easily attach the footrest to the most inaccessible ISOFIX anchor points in any car.<\/p>\n","protected":false},"featured_media":3722,"comment_status":"closed","ping_status":"closed","template":"","meta":{"_acf_changed":false},"product_brand":[],"product_cat":[110,108],"product_tag":[],"class_list":{"0":"post-4957","1":"product","2":"type-product","3":"status-publish","4":"has-post-thumbnail","6":"product_cat-czesci-zamiennie-i-akcesoria-do-podnozkow-samochodowych-en","7":"product_cat-spare-parts-en","9":"first","10":"instock","11":"taxable","12":"shipping-taxable","13":"purchasable","14":"product-type-simple"},"acf":[],"yoast_head":"<!-- This site is optimized with the Yoast SEO plugin v27.4 - https:\/\/yoast.com\/product\/yoast-seo-wordpress\/ -->\n<title>Set of longer hooks (spare part) - Okiday<\/title>\n<meta name=\"description\" content=\"Zestaw zawiera dwa d\u0142u\u017csze haczyki dzi\u0119ki kt\u00f3rym zamocujesz podn\u00f3\u017cek do najbardziej niedost\u0119pnych punkt\u00f3w mocowania ISOFIX, np. Skoda Superb, lub BMW X3\" \/>\n<meta name=\"robots\" content=\"index, follow, max-snippet:-1, max-image-preview:large, max-video-preview:-1\" \/>\n<link rel=\"canonical\" href=\"https:\/\/okiday.pl\/en\/produkt\/zestaw-dluzszych-haczykow-czesc-zapasowa\/\" \/>\n<meta property=\"og:locale\" content=\"en_US\" \/>\n<meta property=\"og:type\" content=\"article\" \/>\n<meta property=\"og:title\" content=\"Set of longer hooks (spare part) - Okiday\" \/>\n<meta property=\"og:description\" content=\"Zestaw zawiera dwa d\u0142u\u017csze haczyki dzi\u0119ki kt\u00f3rym zamocujesz podn\u00f3\u017cek do najbardziej niedost\u0119pnych punkt\u00f3w mocowania ISOFIX, np. Skoda Superb, lub BMW X3\" \/>\n<meta property=\"og:url\" content=\"https:\/\/okiday.pl\/en\/produkt\/zestaw-dluzszych-haczykow-czesc-zapasowa\/\" \/>\n<meta property=\"og:site_name\" content=\"Okiday\" \/>\n<meta property=\"article:modified_time\" content=\"2026-01-25T11:44:41+00:00\" \/>\n<meta property=\"og:image\" content=\"https:\/\/okiday.pl\/wp-content\/uploads\/2024\/08\/dluzszy_haczyk_do_podnozka_do_fotelika_dla_dziecka_okiday-1-2.png\" \/>\n\t<meta property=\"og:image:width\" content=\"1080\" \/>\n\t<meta property=\"og:image:height\" content=\"1080\" \/>\n\t<meta property=\"og:image:type\" content=\"image\/png\" \/>\n<meta name=\"twitter:card\" content=\"summary_large_image\" \/>\n<meta name=\"twitter:label1\" content=\"Est. reading time\" \/>\n\t<meta name=\"twitter:data1\" content=\"1 minute\" \/>\n<script type=\"application\/ld+json\" class=\"yoast-schema-graph\">{\"@context\":\"https:\\\/\\\/schema.org\",\"@graph\":[{\"@type\":\"WebPage\",\"@id\":\"https:\\\/\\\/okiday.pl\\\/en\\\/produkt\\\/zestaw-dluzszych-haczykow-czesc-zapasowa\\\/\",\"url\":\"https:\\\/\\\/okiday.pl\\\/en\\\/produkt\\\/zestaw-dluzszych-haczykow-czesc-zapasowa\\\/\",\"name\":\"Set of longer hooks (spare part) - Okiday\",\"isPartOf\":{\"@id\":\"https:\\\/\\\/okiday.pl\\\/en\\\/#website\"},\"primaryImageOfPage\":{\"@id\":\"https:\\\/\\\/okiday.pl\\\/en\\\/produkt\\\/zestaw-dluzszych-haczykow-czesc-zapasowa\\\/#primaryimage\"},\"image\":{\"@id\":\"https:\\\/\\\/okiday.pl\\\/en\\\/produkt\\\/zestaw-dluzszych-haczykow-czesc-zapasowa\\\/#primaryimage\"},\"thumbnailUrl\":\"https:\\\/\\\/okiday.pl\\\/wp-content\\\/uploads\\\/2024\\\/08\\\/dluzszy_haczyk_do_podnozka_do_fotelika_dla_dziecka_okiday-1-2.png\",\"datePublished\":\"2024-08-13T16:23:18+00:00\",\"dateModified\":\"2026-01-25T11:44:41+00:00\",\"description\":\"Zestaw zawiera dwa d\u0142u\u017csze haczyki dzi\u0119ki kt\u00f3rym zamocujesz podn\u00f3\u017cek do najbardziej niedost\u0119pnych punkt\u00f3w mocowania ISOFIX, np. Skoda Superb, lub BMW X3\",\"breadcrumb\":{\"@id\":\"https:\\\/\\\/okiday.pl\\\/en\\\/produkt\\\/zestaw-dluzszych-haczykow-czesc-zapasowa\\\/#breadcrumb\"},\"inLanguage\":\"en-US\",\"potentialAction\":[{\"@type\":\"ReadAction\",\"target\":[\"https:\\\/\\\/okiday.pl\\\/en\\\/produkt\\\/zestaw-dluzszych-haczykow-czesc-zapasowa\\\/\"]}]},{\"@type\":\"ImageObject\",\"inLanguage\":\"en-US\",\"@id\":\"https:\\\/\\\/okiday.pl\\\/en\\\/produkt\\\/zestaw-dluzszych-haczykow-czesc-zapasowa\\\/#primaryimage\",\"url\":\"https:\\\/\\\/okiday.pl\\\/wp-content\\\/uploads\\\/2024\\\/08\\\/dluzszy_haczyk_do_podnozka_do_fotelika_dla_dziecka_okiday-1-2.png\",\"contentUrl\":\"https:\\\/\\\/okiday.pl\\\/wp-content\\\/uploads\\\/2024\\\/08\\\/dluzszy_haczyk_do_podnozka_do_fotelika_dla_dziecka_okiday-1-2.png\",\"width\":1080,\"height\":1080,\"caption\":\"d\u0142u\u017csze haczyki do podn\u00f3\u017cka do fotelik\u00f3w dla dzieci - okiday\"},{\"@type\":\"BreadcrumbList\",\"@id\":\"https:\\\/\\\/okiday.pl\\\/en\\\/produkt\\\/zestaw-dluzszych-haczykow-czesc-zapasowa\\\/#breadcrumb\",\"itemListElement\":[{\"@type\":\"ListItem\",\"position\":1,\"name\":\"Strona g\u0142\u00f3wna\",\"item\":\"https:\\\/\\\/okiday.pl\\\/en\\\/\"},{\"@type\":\"ListItem\",\"position\":2,\"name\":\"Store\",\"item\":\"https:\\\/\\\/okiday.pl\\\/en\\\/store\\\/\"},{\"@type\":\"ListItem\",\"position\":3,\"name\":\"Set of longer hooks (spare part)\"}]},{\"@type\":\"WebSite\",\"@id\":\"https:\\\/\\\/okiday.pl\\\/en\\\/#website\",\"url\":\"https:\\\/\\\/okiday.pl\\\/en\\\/\",\"name\":\"Okiday\",\"description\":\"\",\"potentialAction\":[{\"@type\":\"SearchAction\",\"target\":{\"@type\":\"EntryPoint\",\"urlTemplate\":\"https:\\\/\\\/okiday.pl\\\/en\\\/?s={search_term_string}\"},\"query-input\":{\"@type\":\"PropertyValueSpecification\",\"valueRequired\":true,\"valueName\":\"search_term_string\"}}],\"inLanguage\":\"en-US\"}]}<\/script>\n<!-- \/ Yoast SEO plugin. -->","yoast_head_json":{"title":"Set of longer hooks (spare part) - Okiday","description":"Zestaw zawiera dwa d\u0142u\u017csze haczyki dzi\u0119ki kt\u00f3rym zamocujesz podn\u00f3\u017cek do najbardziej niedost\u0119pnych punkt\u00f3w mocowania ISOFIX, np. Skoda Superb, lub BMW X3","robots":{"index":"index","follow":"follow","max-snippet":"max-snippet:-1","max-image-preview":"max-image-preview:large","max-video-preview":"max-video-preview:-1"},"canonical":"https:\/\/okiday.pl\/en\/produkt\/zestaw-dluzszych-haczykow-czesc-zapasowa\/","og_locale":"en_US","og_type":"article","og_title":"Set of longer hooks (spare part) - Okiday","og_description":"Zestaw zawiera dwa d\u0142u\u017csze haczyki dzi\u0119ki kt\u00f3rym zamocujesz podn\u00f3\u017cek do najbardziej niedost\u0119pnych punkt\u00f3w mocowania ISOFIX, np. Skoda Superb, lub BMW X3","og_url":"https:\/\/okiday.pl\/en\/produkt\/zestaw-dluzszych-haczykow-czesc-zapasowa\/","og_site_name":"Okiday","article_modified_time":"2026-01-25T11:44:41+00:00","og_image":[{"width":1080,"height":1080,"url":"https:\/\/okiday.pl\/wp-content\/uploads\/2024\/08\/dluzszy_haczyk_do_podnozka_do_fotelika_dla_dziecka_okiday-1-2.png","type":"image\/png"}],"twitter_card":"summary_large_image","twitter_misc":{"Est. reading time":"1 minute"},"schema":{"@context":"https:\/\/schema.org","@graph":[{"@type":"WebPage","@id":"https:\/\/okiday.pl\/en\/produkt\/zestaw-dluzszych-haczykow-czesc-zapasowa\/","url":"https:\/\/okiday.pl\/en\/produkt\/zestaw-dluzszych-haczykow-czesc-zapasowa\/","name":"Set of longer hooks (spare part) - Okiday","isPartOf":{"@id":"https:\/\/okiday.pl\/en\/#website"},"primaryImageOfPage":{"@id":"https:\/\/okiday.pl\/en\/produkt\/zestaw-dluzszych-haczykow-czesc-zapasowa\/#primaryimage"},"image":{"@id":"https:\/\/okiday.pl\/en\/produkt\/zestaw-dluzszych-haczykow-czesc-zapasowa\/#primaryimage"},"thumbnailUrl":"https:\/\/okiday.pl\/wp-content\/uploads\/2024\/08\/dluzszy_haczyk_do_podnozka_do_fotelika_dla_dziecka_okiday-1-2.png","datePublished":"2024-08-13T16:23:18+00:00","dateModified":"2026-01-25T11:44:41+00:00","description":"Zestaw zawiera dwa d\u0142u\u017csze haczyki dzi\u0119ki kt\u00f3rym zamocujesz podn\u00f3\u017cek do najbardziej niedost\u0119pnych punkt\u00f3w mocowania ISOFIX, np. Skoda Superb, lub BMW X3","breadcrumb":{"@id":"https:\/\/okiday.pl\/en\/produkt\/zestaw-dluzszych-haczykow-czesc-zapasowa\/#breadcrumb"},"inLanguage":"en-US","potentialAction":[{"@type":"ReadAction","target":["https:\/\/okiday.pl\/en\/produkt\/zestaw-dluzszych-haczykow-czesc-zapasowa\/"]}]},{"@type":"ImageObject","inLanguage":"en-US","@id":"https:\/\/okiday.pl\/en\/produkt\/zestaw-dluzszych-haczykow-czesc-zapasowa\/#primaryimage","url":"https:\/\/okiday.pl\/wp-content\/uploads\/2024\/08\/dluzszy_haczyk_do_podnozka_do_fotelika_dla_dziecka_okiday-1-2.png","contentUrl":"https:\/\/okiday.pl\/wp-content\/uploads\/2024\/08\/dluzszy_haczyk_do_podnozka_do_fotelika_dla_dziecka_okiday-1-2.png","width":1080,"height":1080,"caption":"d\u0142u\u017csze haczyki do podn\u00f3\u017cka do fotelik\u00f3w dla dzieci - okiday"},{"@type":"BreadcrumbList","@id":"https:\/\/okiday.pl\/en\/produkt\/zestaw-dluzszych-haczykow-czesc-zapasowa\/#breadcrumb","itemListElement":[{"@type":"ListItem","position":1,"name":"Strona g\u0142\u00f3wna","item":"https:\/\/okiday.pl\/en\/"},{"@type":"ListItem","position":2,"name":"Store","item":"https:\/\/okiday.pl\/en\/store\/"},{"@type":"ListItem","position":3,"name":"Set of longer hooks (spare part)"}]},{"@type":"WebSite","@id":"https:\/\/okiday.pl\/en\/#website","url":"https:\/\/okiday.pl\/en\/","name":"Okiday","description":"","potentialAction":[{"@type":"SearchAction","target":{"@type":"EntryPoint","urlTemplate":"https:\/\/okiday.pl\/en\/?s={search_term_string}"},"query-input":{"@type":"PropertyValueSpecification","valueRequired":true,"valueName":"search_term_string"}}],"inLanguage":"en-US"}]}},"_links":{"self":[{"href":"https:\/\/okiday.pl\/en\/wp-json\/wp\/v2\/product\/4957","targetHints":{"allow":["GET"]}}],"collection":[{"href":"https:\/\/okiday.pl\/en\/wp-json\/wp\/v2\/product"}],"about":[{"href":"https:\/\/okiday.pl\/en\/wp-json\/wp\/v2\/types\/product"}],"replies":[{"embeddable":true,"href":"https:\/\/okiday.pl\/en\/wp-json\/wp\/v2\/comments?post=4957"}],"wp:featuredmedia":[{"embeddable":true,"href":"https:\/\/okiday.pl\/en\/wp-json\/wp\/v2\/media\/3722"}],"wp:attachment":[{"href":"https:\/\/okiday.pl\/en\/wp-json\/wp\/v2\/media?parent=4957"}],"wp:term":[{"taxonomy":"product_brand","embeddable":true,"href":"https:\/\/okiday.pl\/en\/wp-json\/wp\/v2\/product_brand?post=4957"},{"taxonomy":"product_cat","embeddable":true,"href":"https:\/\/okiday.pl\/en\/wp-json\/wp\/v2\/product_cat?post=4957"},{"taxonomy":"product_tag","embeddable":true,"href":"https:\/\/okiday.pl\/en\/wp-json\/wp\/v2\/product_tag?post=4957"}],"curies":[{"name":"wp","href":"https:\/\/api.w.org\/{rel}","templated":true}]}}