{"id":1669,"date":"2023-02-14T09:22:45","date_gmt":"2023-02-14T08:22:45","guid":{"rendered":"https:\/\/okiday.pl\/?page_id=1669"},"modified":"2023-03-13T19:05:03","modified_gmt":"2023-03-13T18:05:03","slug":"polityka-prywatnosci-2","status":"publish","type":"page","link":"https:\/\/okiday.pl\/en\/polityka-prywatnosci-2\/","title":{"rendered":"Polityka prywatno\u015bci"},"content":{"rendered":"<p><strong>\u00a7 1<\/strong><br \/>\n<strong>POSTANOWIENIA OG\u00d3LNE \/ <span class=\"HwtZe\" lang=\"en\"><span class=\"jCAhz ChMk0b\"><span class=\"ryNqvb\">GENERAL PROVISIONS<\/span><\/span><\/span><br \/>\n<\/strong><\/p>\n<p><span class=\"HwtZe\" lang=\"en\"><span class=\"jCAhz ChMk0b\"><span class=\"ryNqvb\">1. The administrator of personal data collected via the Store https:\/\/okiday.pl is OKIDAY Sp\u00f3\u0142ka z ograniczon\u0105 odpowiedzialno\u015bci\u0105, registered in the National Court Register under KRS number: 0000879892, NIP: 8641960850, REGON: 387982753, address of the place of business Ko\u0107mierz\u00f3w 30, 27<\/span><\/span> <span class=\"jCAhz ChMk0b\"><span class=\"ryNqvb\">-650 Samborzec, and the address for service: ul.<\/span><\/span> <span class=\"jCAhz ChMk0b\"><span class=\"ryNqvb\">Sadowa 16\/23, 05-110 Jab\u0142onna, \u00a0e-mail address: hi@okiday.pl, hereinafter referred to as the &#8220;Administrator&#8221; and being also the Service Provider.<\/span><\/span><\/span><\/p>\n<p>\u200d<br \/>\n2. Wszelkie wyrazy lub wyra\u017cenia pisane w tre\u015bci niniejszej Polityki Prywatno\u015bci z du\u017cej litery nale\u017cy rozumie\u0107 zgodnie z ich definicj\u0105 zawart\u0105 w Regulaminie Sklepu https:\/\/okiday.pl.<\/p>\n<p><strong>\u00a7 2<\/strong><br \/>\n<strong>CEL I ZAKRES ZBIERANIA DANYCH<\/strong><\/p>\n<p>1. Dane osobowe b\u0119d\u0105 przetwarzane w celu realizacji zakup\u00f3w w naszym sklepie internetowym, marketingu bezpo\u015bredniego dotycz\u0105cego w\u0142asnych produkt\u00f3w i us\u0142ug, realizowanego w formie tradycyjnej (papierowo), stanowi\u0105cym tzw. prawnie uzasadniony interes przedsi\u0119biorcy. Dane w tych celach przetwarzane b\u0119d\u0105 na podstawie art. 6 ust. 1 lit. b), c) i f) Rozporz\u0105dzenia Parlamentu Europejskiego i Rady (UE) 2016\/679 z dnia 27 kwietnia 2016 roku w sprawie ochrony os\u00f3b fizycznych w zwi\u0105zku z przetwarzaniem danych osobowych i w sprawie swobodnego przep\u0142ywu takich danych oraz uchylenia dyrektywy 95\/46\/WE (RODO).<\/p>\n<p>\u200d<br \/>\n2. Po wyra\u017ceniu odr\u0119bnej zgody, na podstawie art. 6 ust. 1 lit. a) RODO dane mog\u0105 by\u0107 przetwarzane r\u00f3wnie\u017c w celu przesy\u0142ania informacji handlowych drog\u0105 elektroniczn\u0105 lub wykonywania telefonicznych po\u0142\u0105cze\u0144 w celu marketingu bezpo\u015bredniego \u2013 odpowiednio w zwi\u0105zku z art. 10 ust. 2 Ustawy z dnia 18 lipca 2002 roku o \u015bwiadczeniu us\u0142ug drog\u0105 elektroniczn\u0105 lub art. 172 ust. 1 Ustawy z dnia 16 lipca 2004 roku \u2013 Prawo Telekomunikacyjne, w tym kierowanych w wyniku profilowania, o ile u\u017cytkownik wyrazi\u0142 stosown\u0105 zgod\u0119.<\/p>\n<p>\u200d<br \/>\n3. W przypadku konieczno\u015bci dostarczenia zam\u00f3wienia dane osobowe mog\u0105 by\u0107 udost\u0119pniane operatorom pocztowym lub przewo\u017anikom wy\u0142\u0105cznie w celu dostarczenia zam\u00f3wienia.<\/p>\n<p>Dane osobowe przetwarzane w celach zwi\u0105zanych z realizacj\u0105 zakup\u00f3w b\u0119d\u0105 przetwarzane przez okres niezb\u0119dny do realizacji zakup\u00f3w i zam\u00f3wienia, po czym dane podlegaj\u0105ce archiwizacji b\u0119d\u0105 przechowywane przez okres w\u0142a\u015bciwy dla przedawnienia roszcze\u0144, tj. 6 lat. Dane osobowe przetwarzane w celach marketingowych obj\u0119tych o\u015bwiadczeniem zgody b\u0119d\u0105 przetwarzane do czasu odwo\u0142ania zgody.<\/p>\n<p>\u200d<br \/>\n4. W przypadku stwierdzenia, \u017ce przetwarzanie danych osobowych narusza przepisy RODO, osoba, kt\u00f3rej dane dotycz\u0105, ma prawo wnie\u015b\u0107 skarg\u0119 do Generalnego Inspektora Ochrony Danych Osobowych (od 25 maja 2018 roku \u2013 Prezesa Urz\u0119du Ochrony Danych Osobowych).<\/p>\n<p>\u200d<br \/>\n5. Podanie danych osobowych jest dobrowolne, jednak podanie oznaczonych danych osobowych jest warunkiem z\u0142o\u017cenia zam\u00f3wienia, natomiast konsekwencj\u0105 ich niepodania b\u0119dzie brak mo\u017cliwo\u015bci zam\u00f3wienia produkt\u00f3w w sklepie.<\/p>\n<p>\u200d<br \/>\n6. Dane osobowe b\u0119d\u0105 przetwarzane tak\u017ce w spos\u00f3b zautomatyzowany w formie profilowania, o ile u\u017cytkownik wyrazi na to zgod\u0119 na podstawie art. 6 ust. 1 lit. a) RODO. Konsekwencj\u0105 profilowania b\u0119dzie przypisanie danej osobie profilu w celu podejmowania dotycz\u0105cych jej decyzji b\u0105d\u017a analizy lub przewidywania jej preferencji, zachowa\u0144 i postaw.<\/p>\n<p>\u200d<br \/>\n7. Administrator dok\u0142ada szczeg\u00f3lnej staranno\u015bci w celu ochrony interes\u00f3w os\u00f3b, kt\u00f3rych dane dotycz\u0105, a w szczeg\u00f3lno\u015bci zapewnia, \u017ce zbierane przez niego dane s\u0105:<br \/>\na) przetwarzane zgodnie z prawem,<br \/>\nb) zbierane dla oznaczonych, zgodnych z prawem cel\u00f3w i niepoddawane dalszemu przetwarzaniu niezgodnemu z tymi celami,<br \/>\nc) merytorycznie poprawne i adekwatne w stosunku do cel\u00f3w, w jakich s\u0105 przetwarzane oraz przechowywane w postaci umo\u017cliwiaj\u0105cej identyfikacj\u0119 os\u00f3b, kt\u00f3rych dotycz\u0105, nie d\u0142u\u017cej ni\u017c jest to niezb\u0119dne do osi\u0105gni\u0119cia celu przetwarzania.<\/p>\n<p><strong>\u00a7 3<\/strong><br \/>\n<strong>PRAWO KONTROLI, DOST\u0118PU DO TRE\u015aCI W\u0141ASNYCH DANYCH ORAZ ICH POPRAWIANIA<\/strong><\/p>\n<p>1. Osoba, kt\u00f3rej dane dotycz\u0105, ma prawo dost\u0119pu do tre\u015bci swoich danych osobowych oraz prawo ich sprostowania, usuni\u0119cia, ograniczenia przetwarzania, prawo do przenoszenia danych, prawo wniesienia sprzeciwu, prawo do cofni\u0119cia zgody w dowolnym momencie bez wp\u0142ywu na zgodno\u015b\u0107 z prawem przetwarzania, kt\u00f3rego dokonano na podstawie zgody przed jej cofni\u0119ciem.<\/p>\n<p>\u200d<br \/>\n2. W celu realizacji uprawnie\u0144, o kt\u00f3rych mowa w pkt 1 mo\u017cna wys\u0142a\u0107 stosown\u0105 wiadomo\u015b\u0107 e-mail na adres: hi@okiday.pl<\/p>\n<p><strong>\u00a7 4<\/strong><br \/>\n<strong>PLIKI &#8220;COOKIES&#8221;<\/strong><\/p>\n<p>1. Sklep Us\u0142ugodawcy u\u017cywa plik\u00f3w \u201ecookies\u201d. Brak zmiany po stronie Us\u0142ugobiorcy ustawie\u0144 przegl\u0105darki jest r\u00f3wnoznaczny z wyra\u017ceniem zgody na ich u\u017cycie.<\/p>\n<p>\u200d<br \/>\n2. Instalacja plik\u00f3w \u201ecookies\u201d jest konieczna do prawid\u0142owego \u015bwiadczenia us\u0142ug w Sklepie. W plikach \u201ecookies&#8221; znajduj\u0105 si\u0119 informacje niezb\u0119dne do prawid\u0142owego funkcjonowania Sklepu, w szczeg\u00f3lno\u015bci tych wymagaj\u0105cych autoryzacji.<\/p>\n<p>\u200d<br \/>\n3. W ramach Sklepu stosowane s\u0105 trzy rodzaje plik\u00f3w \u201ecookies\u201d: \u201esesyjne\u201d, \u201esta\u0142e\u201d oraz \u201eanalityczne\u201d.<\/p>\n<p>\u200d<br \/>\n1.1. \u201eCookies\u201d \u201esesyjne\u201d s\u0105 plikami tymczasowymi, kt\u00f3re przechowywane s\u0105 w urz\u0105dzeniu ko\u0144cowym Us\u0142ugobiorcy do czasu wylogowania (opuszczenia Sklepu).<\/p>\n<p>\u200d<br \/>\n1.2. \u201eSta\u0142e\u201d pliki \u201ecookies\u201d przechowywane s\u0105 w urz\u0105dzeniu ko\u0144cowym Us\u0142ugobiorcy przez czas okre\u015blony w parametrach plik\u00f3w \u201ecookies\u201d lub do czasu ich usuni\u0119cia przez Us\u0142ugobiorc\u0119.<\/p>\n<p>\u200d<br \/>\n1.3. \u201eCookies\u201d \u201eanalityczne\u201d umo\u017cliwiaj\u0105 lepsze poznanie sposobu interakcji Us\u0142ugobiorcy w zakresie zawarto\u015bci Sklepu, lepiej zorganizowa\u0107 jego uk\u0142ad. \u201cAnalityczne\u201d \u201ecookies\u201d gromadz\u0105 informacje o sposobie korzystania ze Sklepu przez Us\u0142ugobiorc\u0119, typie strony, z jakiej Us\u0142ugobiorca zosta\u0142 przekierowany, oraz liczbie odwiedzin i czasie wizyty Us\u0142ugobiorcy na stronie Sklepu. Informacje te nie rejestruj\u0105 konkretnych danych osobowych Us\u0142ugobiorcy, lecz s\u0142u\u017c\u0105 do opracowania statystyk korzystania ze Sklepu.<\/p>\n<p>\u200d<br \/>\n4. Us\u0142ugobiorca ma prawo zadecydowania w zakresie dost\u0119pu plik\u00f3w \u201ecookies\u201d do swojego komputera poprzez ich uprzedni wyb\u00f3r w oknie swojej przegl\u0105darki. Szczeg\u00f3\u0142owe informacje o mo\u017cliwo\u015bci i sposobach obs\u0142ugi plik\u00f3w \u201ecookies\u201d dost\u0119pne s\u0105 w ustawieniach oprogramowania (przegl\u0105darki internetowej).<\/p>\n<p><strong>\u00a7 5<\/strong><br \/>\n<strong>POSTANOWIENIA KO\u0143COWE<\/strong><\/p>\n<p>1. Administrator stosuje \u015brodki techniczne i organizacyjne zapewniaj\u0105ce ochron\u0119 przetwarzanych danych osobowych odpowiedni\u0105 do zagro\u017ce\u0144 oraz kategorii danych obj\u0119tych ochron\u0105, a w szczeg\u00f3lno\u015bci zabezpiecza dane przed ich udost\u0119pnieniem osobom nieupowa\u017cnionym, zabraniem przez osob\u0119 nieuprawnion\u0105, przetwarzaniem z naruszeniem obowi\u0105zuj\u0105cych przepis\u00f3w oraz zmian\u0105, utrat\u0105, uszkodzeniem lub zniszczeniem.<\/p>\n<p>\u200d<br \/>\n2. Us\u0142ugodawca udost\u0119pnia odpowiednie \u015brodki techniczne zapobiegaj\u0105ce pozyskiwaniu i modyfikowaniu przez osoby nieuprawnione, danych osobowych przesy\u0142anych drog\u0105 elektroniczn\u0105.<\/p>\n<p>\u200d<br \/>\n3. W sprawach nieuregulowanych niniejsz\u0105 Polityk\u0105 prywatno\u015bci stosuje si\u0119 odpowiednio postanowienia Regulaminu Sklepu https:\/\/okiday.pl, przepisy Rozporz\u0105dzenia Parlamentu Europejskiego i Rady (UE) 2016\/679 z dnia 27 kwietnia 2016 roku w sprawie ochrony os\u00f3b fizycznych w zwi\u0105zku z przetwarzaniem danych osobowych i w sprawie swobodnego przep\u0142ywu takich danych oraz uchylenia dyrektywy 95\/46\/WE (RODO)oraz inne w\u0142a\u015bciwe przepisy prawa polskiego.<\/p>\n<p>\u200d<br \/>\n4. Postanowienia niniejszej Polityki Prywatno\u015bci wchodz\u0105 w \u017cycie z dniem 9 kwietnia 2021 roku.<\/p>\n","protected":false},"excerpt":{"rendered":"<p>\u00a7 1 POSTANOWIENIA OG\u00d3LNE \/ GENERAL PROVISIONS 1. The administrator of personal data collected via the Store https:\/\/okiday.pl is OKIDAY Sp\u00f3\u0142ka z ograniczon\u0105 odpowiedzialno\u015bci\u0105, registered in the National Court Register under KRS number: 0000879892, NIP: 8641960850, REGON: 387982753, address of the place of business Ko\u0107mierz\u00f3w 30, 27 -650 Samborzec, and the address for service: ul. [&hellip;]<\/p>\n","protected":false},"author":1,"featured_media":0,"parent":0,"menu_order":0,"comment_status":"closed","ping_status":"closed","template":"template-podstrona.php","meta":{"_acf_changed":false,"footnotes":""},"class_list":["post-1669","page","type-page","status-publish","hentry"],"acf":[],"yoast_head":"<!-- This site is optimized with the Yoast SEO plugin v27.5 - https:\/\/yoast.com\/product\/yoast-seo-wordpress\/ -->\n<title>Polityka prywatno\u015bci - Okiday<\/title>\n<meta name=\"robots\" content=\"index, follow, max-snippet:-1, max-image-preview:large, max-video-preview:-1\" \/>\n<link rel=\"canonical\" href=\"https:\/\/okiday.pl\/en\/polityka-prywatnosci-2\/\" \/>\n<meta property=\"og:locale\" content=\"en_US\" \/>\n<meta property=\"og:type\" content=\"article\" \/>\n<meta property=\"og:title\" content=\"Polityka prywatno\u015bci - Okiday\" \/>\n<meta property=\"og:description\" content=\"\u00a7 1 POSTANOWIENIA OG\u00d3LNE \/ GENERAL PROVISIONS 1. The administrator of personal data collected via the Store https:\/\/okiday.pl is OKIDAY Sp\u00f3\u0142ka z ograniczon\u0105 odpowiedzialno\u015bci\u0105, registered in the National Court Register under KRS number: 0000879892, NIP: 8641960850, REGON: 387982753, address of the place of business Ko\u0107mierz\u00f3w 30, 27 -650 Samborzec, and the address for service: ul. [&hellip;]\" \/>\n<meta property=\"og:url\" content=\"https:\/\/okiday.pl\/en\/polityka-prywatnosci-2\/\" \/>\n<meta property=\"og:site_name\" content=\"Okiday\" \/>\n<meta property=\"article:modified_time\" content=\"2023-03-13T18:05:03+00:00\" \/>\n<meta property=\"og:image\" content=\"https:\/\/okiday.pl\/wp-content\/uploads\/2023\/01\/op.jpg\" \/>\n\t<meta property=\"og:image:width\" content=\"1200\" \/>\n\t<meta property=\"og:image:height\" content=\"630\" \/>\n\t<meta property=\"og:image:type\" content=\"image\/jpeg\" \/>\n<meta name=\"twitter:card\" content=\"summary_large_image\" \/>\n<meta name=\"twitter:label1\" content=\"Est. reading time\" \/>\n\t<meta name=\"twitter:data1\" content=\"6 minutes\" \/>\n<script type=\"application\/ld+json\" class=\"yoast-schema-graph\">{\"@context\":\"https:\\\/\\\/schema.org\",\"@graph\":[{\"@type\":\"WebPage\",\"@id\":\"https:\\\/\\\/okiday.pl\\\/en\\\/polityka-prywatnosci-2\\\/\",\"url\":\"https:\\\/\\\/okiday.pl\\\/en\\\/polityka-prywatnosci-2\\\/\",\"name\":\"Polityka prywatno\u015bci - Okiday\",\"isPartOf\":{\"@id\":\"https:\\\/\\\/okiday.pl\\\/en\\\/#website\"},\"datePublished\":\"2023-02-14T08:22:45+00:00\",\"dateModified\":\"2023-03-13T18:05:03+00:00\",\"breadcrumb\":{\"@id\":\"https:\\\/\\\/okiday.pl\\\/en\\\/polityka-prywatnosci-2\\\/#breadcrumb\"},\"inLanguage\":\"en-US\",\"potentialAction\":[{\"@type\":\"ReadAction\",\"target\":[\"https:\\\/\\\/okiday.pl\\\/en\\\/polityka-prywatnosci-2\\\/\"]}]},{\"@type\":\"BreadcrumbList\",\"@id\":\"https:\\\/\\\/okiday.pl\\\/en\\\/polityka-prywatnosci-2\\\/#breadcrumb\",\"itemListElement\":[{\"@type\":\"ListItem\",\"position\":1,\"name\":\"Strona g\u0142\u00f3wna\",\"item\":\"https:\\\/\\\/okiday.pl\\\/en\\\/\"},{\"@type\":\"ListItem\",\"position\":2,\"name\":\"Polityka prywatno\u015bci\"}]},{\"@type\":\"WebSite\",\"@id\":\"https:\\\/\\\/okiday.pl\\\/en\\\/#website\",\"url\":\"https:\\\/\\\/okiday.pl\\\/en\\\/\",\"name\":\"Okiday\",\"description\":\"\",\"potentialAction\":[{\"@type\":\"SearchAction\",\"target\":{\"@type\":\"EntryPoint\",\"urlTemplate\":\"https:\\\/\\\/okiday.pl\\\/en\\\/?s={search_term_string}\"},\"query-input\":{\"@type\":\"PropertyValueSpecification\",\"valueRequired\":true,\"valueName\":\"search_term_string\"}}],\"inLanguage\":\"en-US\"}]}<\/script>\n<!-- \/ Yoast SEO plugin. -->","yoast_head_json":{"title":"Polityka prywatno\u015bci - Okiday","robots":{"index":"index","follow":"follow","max-snippet":"max-snippet:-1","max-image-preview":"max-image-preview:large","max-video-preview":"max-video-preview:-1"},"canonical":"https:\/\/okiday.pl\/en\/polityka-prywatnosci-2\/","og_locale":"en_US","og_type":"article","og_title":"Polityka prywatno\u015bci - Okiday","og_description":"\u00a7 1 POSTANOWIENIA OG\u00d3LNE \/ GENERAL PROVISIONS 1. The administrator of personal data collected via the Store https:\/\/okiday.pl is OKIDAY Sp\u00f3\u0142ka z ograniczon\u0105 odpowiedzialno\u015bci\u0105, registered in the National Court Register under KRS number: 0000879892, NIP: 8641960850, REGON: 387982753, address of the place of business Ko\u0107mierz\u00f3w 30, 27 -650 Samborzec, and the address for service: ul. [&hellip;]","og_url":"https:\/\/okiday.pl\/en\/polityka-prywatnosci-2\/","og_site_name":"Okiday","article_modified_time":"2023-03-13T18:05:03+00:00","og_image":[{"width":1200,"height":630,"url":"https:\/\/okiday.pl\/wp-content\/uploads\/2023\/01\/op.jpg","type":"image\/jpeg"}],"twitter_card":"summary_large_image","twitter_misc":{"Est. reading time":"6 minutes"},"schema":{"@context":"https:\/\/schema.org","@graph":[{"@type":"WebPage","@id":"https:\/\/okiday.pl\/en\/polityka-prywatnosci-2\/","url":"https:\/\/okiday.pl\/en\/polityka-prywatnosci-2\/","name":"Polityka prywatno\u015bci - Okiday","isPartOf":{"@id":"https:\/\/okiday.pl\/en\/#website"},"datePublished":"2023-02-14T08:22:45+00:00","dateModified":"2023-03-13T18:05:03+00:00","breadcrumb":{"@id":"https:\/\/okiday.pl\/en\/polityka-prywatnosci-2\/#breadcrumb"},"inLanguage":"en-US","potentialAction":[{"@type":"ReadAction","target":["https:\/\/okiday.pl\/en\/polityka-prywatnosci-2\/"]}]},{"@type":"BreadcrumbList","@id":"https:\/\/okiday.pl\/en\/polityka-prywatnosci-2\/#breadcrumb","itemListElement":[{"@type":"ListItem","position":1,"name":"Strona g\u0142\u00f3wna","item":"https:\/\/okiday.pl\/en\/"},{"@type":"ListItem","position":2,"name":"Polityka prywatno\u015bci"}]},{"@type":"WebSite","@id":"https:\/\/okiday.pl\/en\/#website","url":"https:\/\/okiday.pl\/en\/","name":"Okiday","description":"","potentialAction":[{"@type":"SearchAction","target":{"@type":"EntryPoint","urlTemplate":"https:\/\/okiday.pl\/en\/?s={search_term_string}"},"query-input":{"@type":"PropertyValueSpecification","valueRequired":true,"valueName":"search_term_string"}}],"inLanguage":"en-US"}]}},"_links":{"self":[{"href":"https:\/\/okiday.pl\/en\/wp-json\/wp\/v2\/pages\/1669","targetHints":{"allow":["GET"]}}],"collection":[{"href":"https:\/\/okiday.pl\/en\/wp-json\/wp\/v2\/pages"}],"about":[{"href":"https:\/\/okiday.pl\/en\/wp-json\/wp\/v2\/types\/page"}],"author":[{"embeddable":true,"href":"https:\/\/okiday.pl\/en\/wp-json\/wp\/v2\/users\/1"}],"replies":[{"embeddable":true,"href":"https:\/\/okiday.pl\/en\/wp-json\/wp\/v2\/comments?post=1669"}],"version-history":[{"count":3,"href":"https:\/\/okiday.pl\/en\/wp-json\/wp\/v2\/pages\/1669\/revisions"}],"predecessor-version":[{"id":1779,"href":"https:\/\/okiday.pl\/en\/wp-json\/wp\/v2\/pages\/1669\/revisions\/1779"}],"wp:attachment":[{"href":"https:\/\/okiday.pl\/en\/wp-json\/wp\/v2\/media?parent=1669"}],"curies":[{"name":"wp","href":"https:\/\/api.w.org\/{rel}","templated":true}]}}