{"id":4965,"date":"2025-03-06T13:00:57","date_gmt":"2025-03-06T12:00:57","guid":{"rendered":"https:\/\/okiday.pl\/produkt\/gorna-plyta-elastyczna\/"},"modified":"2026-01-25T12:51:29","modified_gmt":"2026-01-25T11:51:29","slug":"gorna-plyta-elastyczna","status":"publish","type":"product","link":"https:\/\/okiday.pl\/de\/produkt\/gorna-plyta-elastyczna\/","title":{"rendered":"Obere flexible Platte"},"content":{"rendered":"<h3><span class=\"HwtZe\" lang=\"de\"><span class=\"jCAhz ChMk0b\"><span class=\"ryNqvb\">Flexible Oberplatte zur Befestigung der Fu\u00dfst\u00fctze.<\/span><\/span><\/span><\/h3>\n<p><span class=\"HwtZe\" lang=\"de\"><span class=\"jCAhz ChMk0b\"><span class=\"ryNqvb\">Bitte achten Sie bei der Montage der neuen Platte auf die korrekte Installation.<\/span><\/span> <\/span><\/p>\n<p><span class=\"HwtZe\" lang=\"de\"><span class=\"jCAhz ChMk0b\"><span class=\"ryNqvb\">Die vollst\u00e4ndige Anleitung finden Sie hier:<\/span><\/span><\/span><br \/>\n<a href=\"https:\/\/drive.google.com\/file\/d\/1A7GvzbvRl6ezyIAOES_Dhd__tw5GhwmH\/view?usp=drive_link\">LINK<\/a><\/p>\n<p><strong><span class=\"HwtZe\" lang=\"de\"><span class=\"jCAhz ChMk0b\"><span class=\"ryNqvb\">Warum ist die korrekte Montage der flexiblen Platte so wichtig?<\/span><\/span><\/span><\/strong><\/p>\n<p><span class=\"HwtZe\" lang=\"de\"><span class=\"jCAhz ChMk0b\"><span class=\"ryNqvb\">&#8211; Die Fu\u00dfst\u00fctze darf das Verhalten des Sitzes bei einem Unfall nicht beeintr\u00e4chtigen. Deshalb ist unsere Platte flexibel.<\/span><\/span> <\/span><\/p>\n<p><span class=\"HwtZe\" lang=\"de\"><span class=\"jCAhz ChMk0b\"><span class=\"ryNqvb\">&#8211; Eine zu hoch montierte Platte st\u00fctzt den Sitz und kann dadurch Probleme verursachen.<\/span><\/span> <span class=\"jCAhz ChMk0b\"><span class=\"ryNqvb\">Der Sitz kann dann seitlich wackeln, was die Reise\u00fcbelkeit des Kindes verst\u00e4rken kann.<\/span><\/span> <\/span><\/p>\n<p><span class=\"HwtZe\" lang=\"de\"><span class=\"jCAhz ChMk0b\"><span class=\"ryNqvb\">&#8211; Eine zu hohe Montage verringert die Haltbarkeit der Platte. <\/span><\/span><\/span><\/p>\n<p><span class=\"HwtZe\" lang=\"de\"><span class=\"jCAhz ChMk0b\"><span class=\"ryNqvb\">&#8211; Es ist besser, die Platte etwas tiefer als zu hoch zu montieren. <\/span><\/span><\/span><\/p>\n<p><span class=\"HwtZe\" lang=\"de\"><span class=\"jCAhz ChMk0b\"><span class=\"ryNqvb\">Bei weiteren Fragen helfen wir Ihnen gerne weiter!<\/span><\/span><\/span><\/p>\n<p>&nbsp;<\/p>\n","protected":false},"excerpt":{"rendered":"<h3><span class=\"HwtZe\" lang=\"de\"><span class=\"jCAhz ChMk0b\"><span class=\"ryNqvb\">Flexible Oberplatte zur Befestigung der Fu\u00dfst\u00fctze.<\/span><\/span><\/span><\/h3>\n<p><span class=\"HwtZe\" lang=\"de\"><span class=\"jCAhz ChMk0b\"><span class=\"ryNqvb\">Bitte achten Sie bei der Montage der neuen Platte auf die korrekte Installation.<\/span><\/span> <\/span><\/p>\n<p><span class=\"HwtZe\" lang=\"de\"><span class=\"jCAhz ChMk0b\"><span class=\"ryNqvb\">Die vollst\u00e4ndige Anleitung finden Sie hier:<\/span><\/span><\/span><br \/>\n<a href=\"https:\/\/drive.google.com\/file\/d\/1A7GvzbvRl6ezyIAOES_Dhd__tw5GhwmH\/view?usp=drive_link\">LINK<\/a><\/p>\n<p><strong><span class=\"HwtZe\" lang=\"de\"><span class=\"jCAhz ChMk0b\"><span class=\"ryNqvb\">Warum ist die korrekte Montage der flexiblen Platte so wichtig?<\/span><\/span><\/span><\/strong><\/p>\n<p><span class=\"HwtZe\" lang=\"de\"><span class=\"jCAhz ChMk0b\"><span class=\"ryNqvb\">&#8211; Die Fu\u00dfst\u00fctze darf das Verhalten des Sitzes bei einem Unfall nicht beeintr\u00e4chtigen. Deshalb ist unsere Platte flexibel.<\/span><\/span> <\/span><\/p>\n<p><span class=\"HwtZe\" lang=\"de\"><span class=\"jCAhz ChMk0b\"><span class=\"ryNqvb\">&#8211; Eine zu hoch montierte Platte st\u00fctzt den Sitz und kann dadurch Probleme verursachen.<\/span><\/span> <span class=\"jCAhz ChMk0b\"><span class=\"ryNqvb\">Der Sitz kann dann seitlich wackeln, was die Reise\u00fcbelkeit des Kindes verst\u00e4rken kann.<\/span><\/span> <\/span><\/p>\n<p><span class=\"HwtZe\" lang=\"de\"><span class=\"jCAhz ChMk0b\"><span class=\"ryNqvb\">&#8211; Eine zu hohe Montage verringert die Haltbarkeit der Platte. <\/span><\/span><\/span><\/p>\n<p><span class=\"HwtZe\" lang=\"de\"><span class=\"jCAhz ChMk0b\"><span class=\"ryNqvb\">&#8211; Es ist besser, die Platte etwas tiefer als zu hoch zu montieren. <\/span><\/span><\/span><\/p>\n<p><span class=\"HwtZe\" lang=\"de\"><span class=\"jCAhz ChMk0b\"><span class=\"ryNqvb\">Bei weiteren Fragen helfen wir Ihnen gerne weiter!<\/span><\/span><\/span><\/p>\n","protected":false},"featured_media":4552,"comment_status":"closed","ping_status":"closed","template":"","meta":{"_acf_changed":false},"product_brand":[],"product_cat":[333],"product_tag":[],"class_list":{"0":"post-4965","1":"product","2":"type-product","3":"status-publish","4":"has-post-thumbnail","6":"product_cat-ersatzteile-und-zubehor-fur-autofusstutzen","8":"first","9":"instock","10":"taxable","11":"shipping-taxable","12":"purchasable","13":"product-type-simple"},"acf":[],"yoast_head":"<!-- This site is optimized with the Yoast SEO plugin v27.4 - https:\/\/yoast.com\/product\/yoast-seo-wordpress\/ -->\n<title>Obere flexible Platte - Okiday<\/title>\n<meta name=\"description\" content=\"G\u00f3rna p\u0142yta elastyczna do mocowania podn\u00f3\u017cka Okiday. Cz\u0119\u015b\u0107 zamienna, pasuje do wszystkich podn\u00f3\u017ck\u00f3w Okiday do fotelik\u00f3w dla dzieci.\" \/>\n<meta name=\"robots\" content=\"index, follow, max-snippet:-1, max-image-preview:large, max-video-preview:-1\" \/>\n<link rel=\"canonical\" href=\"https:\/\/okiday.pl\/de\/produkt\/gorna-plyta-elastyczna\/\" \/>\n<meta property=\"og:locale\" content=\"de_DE\" \/>\n<meta property=\"og:type\" content=\"article\" \/>\n<meta property=\"og:title\" content=\"Obere flexible Platte - Okiday\" \/>\n<meta property=\"og:description\" content=\"G\u00f3rna p\u0142yta elastyczna do mocowania podn\u00f3\u017cka Okiday. Cz\u0119\u015b\u0107 zamienna, pasuje do wszystkich podn\u00f3\u017ck\u00f3w Okiday do fotelik\u00f3w dla dzieci.\" \/>\n<meta property=\"og:url\" content=\"https:\/\/okiday.pl\/de\/produkt\/gorna-plyta-elastyczna\/\" \/>\n<meta property=\"og:site_name\" content=\"Okiday\" \/>\n<meta property=\"article:modified_time\" content=\"2026-01-25T11:51:29+00:00\" \/>\n<meta property=\"og:image\" content=\"https:\/\/okiday.pl\/wp-content\/uploads\/2025\/03\/gorna-plyta-elastyczna-okiday.png\" \/>\n\t<meta property=\"og:image:width\" content=\"1080\" \/>\n\t<meta property=\"og:image:height\" content=\"1080\" \/>\n\t<meta property=\"og:image:type\" content=\"image\/png\" \/>\n<meta name=\"twitter:card\" content=\"summary_large_image\" \/>\n<meta name=\"twitter:label1\" content=\"Gesch\u00e4tzte Lesezeit\" \/>\n\t<meta name=\"twitter:data1\" content=\"1\u00a0Minute\" \/>\n<script type=\"application\/ld+json\" class=\"yoast-schema-graph\">{\"@context\":\"https:\\\/\\\/schema.org\",\"@graph\":[{\"@type\":\"WebPage\",\"@id\":\"https:\\\/\\\/okiday.pl\\\/de\\\/produkt\\\/gorna-plyta-elastyczna\\\/\",\"url\":\"https:\\\/\\\/okiday.pl\\\/de\\\/produkt\\\/gorna-plyta-elastyczna\\\/\",\"name\":\"Obere flexible Platte - Okiday\",\"isPartOf\":{\"@id\":\"https:\\\/\\\/okiday.pl\\\/de\\\/#website\"},\"primaryImageOfPage\":{\"@id\":\"https:\\\/\\\/okiday.pl\\\/de\\\/produkt\\\/gorna-plyta-elastyczna\\\/#primaryimage\"},\"image\":{\"@id\":\"https:\\\/\\\/okiday.pl\\\/de\\\/produkt\\\/gorna-plyta-elastyczna\\\/#primaryimage\"},\"thumbnailUrl\":\"https:\\\/\\\/okiday.pl\\\/wp-content\\\/uploads\\\/2025\\\/03\\\/gorna-plyta-elastyczna-okiday.png\",\"datePublished\":\"2025-03-06T12:00:57+00:00\",\"dateModified\":\"2026-01-25T11:51:29+00:00\",\"description\":\"G\u00f3rna p\u0142yta elastyczna do mocowania podn\u00f3\u017cka Okiday. Cz\u0119\u015b\u0107 zamienna, pasuje do wszystkich podn\u00f3\u017ck\u00f3w Okiday do fotelik\u00f3w dla dzieci.\",\"breadcrumb\":{\"@id\":\"https:\\\/\\\/okiday.pl\\\/de\\\/produkt\\\/gorna-plyta-elastyczna\\\/#breadcrumb\"},\"inLanguage\":\"de\",\"potentialAction\":[{\"@type\":\"ReadAction\",\"target\":[\"https:\\\/\\\/okiday.pl\\\/de\\\/produkt\\\/gorna-plyta-elastyczna\\\/\"]}]},{\"@type\":\"ImageObject\",\"inLanguage\":\"de\",\"@id\":\"https:\\\/\\\/okiday.pl\\\/de\\\/produkt\\\/gorna-plyta-elastyczna\\\/#primaryimage\",\"url\":\"https:\\\/\\\/okiday.pl\\\/wp-content\\\/uploads\\\/2025\\\/03\\\/gorna-plyta-elastyczna-okiday.png\",\"contentUrl\":\"https:\\\/\\\/okiday.pl\\\/wp-content\\\/uploads\\\/2025\\\/03\\\/gorna-plyta-elastyczna-okiday.png\",\"width\":1080,\"height\":1080,\"caption\":\"g\u00f3rna p\u0142yta elastyczna do podn\u00f3\u017cka okiday\"},{\"@type\":\"BreadcrumbList\",\"@id\":\"https:\\\/\\\/okiday.pl\\\/de\\\/produkt\\\/gorna-plyta-elastyczna\\\/#breadcrumb\",\"itemListElement\":[{\"@type\":\"ListItem\",\"position\":1,\"name\":\"Strona g\u0142\u00f3wna\",\"item\":\"https:\\\/\\\/okiday.pl\\\/de\\\/\"},{\"@type\":\"ListItem\",\"position\":2,\"name\":\"Sklep\",\"item\":\"https:\\\/\\\/okiday.pl\\\/de\\\/sklep\\\/\"},{\"@type\":\"ListItem\",\"position\":3,\"name\":\"Obere flexible Platte\"}]},{\"@type\":\"WebSite\",\"@id\":\"https:\\\/\\\/okiday.pl\\\/de\\\/#website\",\"url\":\"https:\\\/\\\/okiday.pl\\\/de\\\/\",\"name\":\"Okiday\",\"description\":\"\",\"potentialAction\":[{\"@type\":\"SearchAction\",\"target\":{\"@type\":\"EntryPoint\",\"urlTemplate\":\"https:\\\/\\\/okiday.pl\\\/de\\\/?s={search_term_string}\"},\"query-input\":{\"@type\":\"PropertyValueSpecification\",\"valueRequired\":true,\"valueName\":\"search_term_string\"}}],\"inLanguage\":\"de\"}]}<\/script>\n<!-- \/ Yoast SEO plugin. -->","yoast_head_json":{"title":"Obere flexible Platte - Okiday","description":"G\u00f3rna p\u0142yta elastyczna do mocowania podn\u00f3\u017cka Okiday. Cz\u0119\u015b\u0107 zamienna, pasuje do wszystkich podn\u00f3\u017ck\u00f3w Okiday do fotelik\u00f3w dla dzieci.","robots":{"index":"index","follow":"follow","max-snippet":"max-snippet:-1","max-image-preview":"max-image-preview:large","max-video-preview":"max-video-preview:-1"},"canonical":"https:\/\/okiday.pl\/de\/produkt\/gorna-plyta-elastyczna\/","og_locale":"de_DE","og_type":"article","og_title":"Obere flexible Platte - Okiday","og_description":"G\u00f3rna p\u0142yta elastyczna do mocowania podn\u00f3\u017cka Okiday. Cz\u0119\u015b\u0107 zamienna, pasuje do wszystkich podn\u00f3\u017ck\u00f3w Okiday do fotelik\u00f3w dla dzieci.","og_url":"https:\/\/okiday.pl\/de\/produkt\/gorna-plyta-elastyczna\/","og_site_name":"Okiday","article_modified_time":"2026-01-25T11:51:29+00:00","og_image":[{"width":1080,"height":1080,"url":"https:\/\/okiday.pl\/wp-content\/uploads\/2025\/03\/gorna-plyta-elastyczna-okiday.png","type":"image\/png"}],"twitter_card":"summary_large_image","twitter_misc":{"Gesch\u00e4tzte Lesezeit":"1\u00a0Minute"},"schema":{"@context":"https:\/\/schema.org","@graph":[{"@type":"WebPage","@id":"https:\/\/okiday.pl\/de\/produkt\/gorna-plyta-elastyczna\/","url":"https:\/\/okiday.pl\/de\/produkt\/gorna-plyta-elastyczna\/","name":"Obere flexible Platte - Okiday","isPartOf":{"@id":"https:\/\/okiday.pl\/de\/#website"},"primaryImageOfPage":{"@id":"https:\/\/okiday.pl\/de\/produkt\/gorna-plyta-elastyczna\/#primaryimage"},"image":{"@id":"https:\/\/okiday.pl\/de\/produkt\/gorna-plyta-elastyczna\/#primaryimage"},"thumbnailUrl":"https:\/\/okiday.pl\/wp-content\/uploads\/2025\/03\/gorna-plyta-elastyczna-okiday.png","datePublished":"2025-03-06T12:00:57+00:00","dateModified":"2026-01-25T11:51:29+00:00","description":"G\u00f3rna p\u0142yta elastyczna do mocowania podn\u00f3\u017cka Okiday. Cz\u0119\u015b\u0107 zamienna, pasuje do wszystkich podn\u00f3\u017ck\u00f3w Okiday do fotelik\u00f3w dla dzieci.","breadcrumb":{"@id":"https:\/\/okiday.pl\/de\/produkt\/gorna-plyta-elastyczna\/#breadcrumb"},"inLanguage":"de","potentialAction":[{"@type":"ReadAction","target":["https:\/\/okiday.pl\/de\/produkt\/gorna-plyta-elastyczna\/"]}]},{"@type":"ImageObject","inLanguage":"de","@id":"https:\/\/okiday.pl\/de\/produkt\/gorna-plyta-elastyczna\/#primaryimage","url":"https:\/\/okiday.pl\/wp-content\/uploads\/2025\/03\/gorna-plyta-elastyczna-okiday.png","contentUrl":"https:\/\/okiday.pl\/wp-content\/uploads\/2025\/03\/gorna-plyta-elastyczna-okiday.png","width":1080,"height":1080,"caption":"g\u00f3rna p\u0142yta elastyczna do podn\u00f3\u017cka okiday"},{"@type":"BreadcrumbList","@id":"https:\/\/okiday.pl\/de\/produkt\/gorna-plyta-elastyczna\/#breadcrumb","itemListElement":[{"@type":"ListItem","position":1,"name":"Strona g\u0142\u00f3wna","item":"https:\/\/okiday.pl\/de\/"},{"@type":"ListItem","position":2,"name":"Sklep","item":"https:\/\/okiday.pl\/de\/sklep\/"},{"@type":"ListItem","position":3,"name":"Obere flexible Platte"}]},{"@type":"WebSite","@id":"https:\/\/okiday.pl\/de\/#website","url":"https:\/\/okiday.pl\/de\/","name":"Okiday","description":"","potentialAction":[{"@type":"SearchAction","target":{"@type":"EntryPoint","urlTemplate":"https:\/\/okiday.pl\/de\/?s={search_term_string}"},"query-input":{"@type":"PropertyValueSpecification","valueRequired":true,"valueName":"search_term_string"}}],"inLanguage":"de"}]}},"_links":{"self":[{"href":"https:\/\/okiday.pl\/de\/wp-json\/wp\/v2\/product\/4965","targetHints":{"allow":["GET"]}}],"collection":[{"href":"https:\/\/okiday.pl\/de\/wp-json\/wp\/v2\/product"}],"about":[{"href":"https:\/\/okiday.pl\/de\/wp-json\/wp\/v2\/types\/product"}],"replies":[{"embeddable":true,"href":"https:\/\/okiday.pl\/de\/wp-json\/wp\/v2\/comments?post=4965"}],"wp:featuredmedia":[{"embeddable":true,"href":"https:\/\/okiday.pl\/de\/wp-json\/wp\/v2\/media\/4552"}],"wp:attachment":[{"href":"https:\/\/okiday.pl\/de\/wp-json\/wp\/v2\/media?parent=4965"}],"wp:term":[{"taxonomy":"product_brand","embeddable":true,"href":"https:\/\/okiday.pl\/de\/wp-json\/wp\/v2\/product_brand?post=4965"},{"taxonomy":"product_cat","embeddable":true,"href":"https:\/\/okiday.pl\/de\/wp-json\/wp\/v2\/product_cat?post=4965"},{"taxonomy":"product_tag","embeddable":true,"href":"https:\/\/okiday.pl\/de\/wp-json\/wp\/v2\/product_tag?post=4965"}],"curies":[{"name":"wp","href":"https:\/\/api.w.org\/{rel}","templated":true}]}}