{"id":4958,"date":"2024-08-13T18:23:18","date_gmt":"2024-08-13T16:23:18","guid":{"rendered":"https:\/\/okiday.pl\/produkt\/zestaw-dluzszych-haczykow-czesc-zapasowa\/"},"modified":"2026-01-25T12:45:07","modified_gmt":"2026-01-25T11:45:07","slug":"zestaw-dluzszych-haczykow-czesc-zapasowa","status":"publish","type":"product","link":"https:\/\/okiday.pl\/de\/produkt\/zestaw-dluzszych-haczykow-czesc-zapasowa\/","title":{"rendered":"Satz l\u00e4ngerer Haken (Ersatzteil)"},"content":{"rendered":"<p>Das Set enth\u00e4lt zwei l\u00e4ngere Haken, die besonders in Fahrzeugen mit tiefsitzenden ISOFIX-Befestigungspunkten, wie dem Skoda Superb oder BMW X3, von Vorteil sind.<\/p>\n<p>Die l\u00e4ngeren Haken erleichtern die Montage und Demontage der Fu\u00dfst\u00fctze.<\/p>\n<p>Das Foto zeigt einen Haken in Standardl\u00e4nge und einen l\u00e4ngeren Haken.<\/p>\n<p>Der L\u00e4ngenunterschied zwischen den Haken betr\u00e4gt 2,3 cm. Dieser Unterschied reicht aus, um die Fu\u00dfst\u00fctze auch an schwer zug\u00e4nglichen ISOFIX-Befestigungspunkten in jedem Fahrzeug problemlos zu befestigen.<\/p>\n","protected":false},"excerpt":{"rendered":"<p>Das Set enth\u00e4lt zwei l\u00e4ngere Haken, die besonders in Fahrzeugen mit tiefsitzenden ISOFIX-Befestigungspunkten, wie dem Skoda Superb oder BMW X3, von Vorteil sind.<\/p>\n<p>Die l\u00e4ngeren Haken erleichtern die Montage und Demontage der Fu\u00dfst\u00fctze.<\/p>\n<p>Das Foto zeigt einen Haken in Standardl\u00e4nge und einen l\u00e4ngeren Haken.<\/p>\n<p>Der L\u00e4ngenunterschied zwischen den Haken betr\u00e4gt 2,3 cm. Dieser Unterschied reicht aus, um die Fu\u00dfst\u00fctze auch an schwer zug\u00e4nglichen ISOFIX-Befestigungspunkten in jedem Fahrzeug problemlos zu befestigen.<\/p>\n","protected":false},"featured_media":3723,"comment_status":"closed","ping_status":"closed","template":"","meta":{"_acf_changed":false},"product_brand":[],"product_cat":[333],"product_tag":[],"class_list":{"0":"post-4958","1":"product","2":"type-product","3":"status-publish","4":"has-post-thumbnail","6":"product_cat-ersatzteile-und-zubehor-fur-autofusstutzen","8":"first","9":"instock","10":"taxable","11":"shipping-taxable","12":"purchasable","13":"product-type-simple"},"acf":[],"yoast_head":"<!-- This site is optimized with the Yoast SEO plugin v27.4 - https:\/\/yoast.com\/product\/yoast-seo-wordpress\/ -->\n<title>Satz l\u00e4ngerer Haken (Ersatzteil) - Okiday<\/title>\n<meta name=\"description\" content=\"Zestaw zawiera dwa d\u0142u\u017csze haczyki dzi\u0119ki kt\u00f3rym zamocujesz podn\u00f3\u017cek do najbardziej niedost\u0119pnych punkt\u00f3w mocowania ISOFIX, np. Skoda Superb, lub BMW X3\" \/>\n<meta name=\"robots\" content=\"index, follow, max-snippet:-1, max-image-preview:large, max-video-preview:-1\" \/>\n<link rel=\"canonical\" href=\"https:\/\/okiday.pl\/de\/produkt\/zestaw-dluzszych-haczykow-czesc-zapasowa\/\" \/>\n<meta property=\"og:locale\" content=\"de_DE\" \/>\n<meta property=\"og:type\" content=\"article\" \/>\n<meta property=\"og:title\" content=\"Satz l\u00e4ngerer Haken (Ersatzteil) - Okiday\" \/>\n<meta property=\"og:description\" content=\"Zestaw zawiera dwa d\u0142u\u017csze haczyki dzi\u0119ki kt\u00f3rym zamocujesz podn\u00f3\u017cek do najbardziej niedost\u0119pnych punkt\u00f3w mocowania ISOFIX, np. Skoda Superb, lub BMW X3\" \/>\n<meta property=\"og:url\" content=\"https:\/\/okiday.pl\/de\/produkt\/zestaw-dluzszych-haczykow-czesc-zapasowa\/\" \/>\n<meta property=\"og:site_name\" content=\"Okiday\" \/>\n<meta property=\"article:modified_time\" content=\"2026-01-25T11:45:07+00:00\" \/>\n<meta property=\"og:image\" content=\"https:\/\/okiday.pl\/wp-content\/uploads\/2024\/08\/dluzszy_haczyk_do_podnozka_do_fotelika_dla_dziecka_okiday-1-2.png\" \/>\n\t<meta property=\"og:image:width\" content=\"1080\" \/>\n\t<meta property=\"og:image:height\" content=\"1080\" \/>\n\t<meta property=\"og:image:type\" content=\"image\/png\" \/>\n<meta name=\"twitter:card\" content=\"summary_large_image\" \/>\n<meta name=\"twitter:label1\" content=\"Gesch\u00e4tzte Lesezeit\" \/>\n\t<meta name=\"twitter:data1\" content=\"1\u00a0Minute\" \/>\n<script type=\"application\/ld+json\" class=\"yoast-schema-graph\">{\"@context\":\"https:\\\/\\\/schema.org\",\"@graph\":[{\"@type\":\"WebPage\",\"@id\":\"https:\\\/\\\/okiday.pl\\\/de\\\/produkt\\\/zestaw-dluzszych-haczykow-czesc-zapasowa\\\/\",\"url\":\"https:\\\/\\\/okiday.pl\\\/de\\\/produkt\\\/zestaw-dluzszych-haczykow-czesc-zapasowa\\\/\",\"name\":\"Satz l\u00e4ngerer Haken (Ersatzteil) - Okiday\",\"isPartOf\":{\"@id\":\"https:\\\/\\\/okiday.pl\\\/de\\\/#website\"},\"primaryImageOfPage\":{\"@id\":\"https:\\\/\\\/okiday.pl\\\/de\\\/produkt\\\/zestaw-dluzszych-haczykow-czesc-zapasowa\\\/#primaryimage\"},\"image\":{\"@id\":\"https:\\\/\\\/okiday.pl\\\/de\\\/produkt\\\/zestaw-dluzszych-haczykow-czesc-zapasowa\\\/#primaryimage\"},\"thumbnailUrl\":\"https:\\\/\\\/okiday.pl\\\/wp-content\\\/uploads\\\/2024\\\/08\\\/dluzszy_haczyk_do_podnozka_do_fotelika_dla_dziecka_okiday-1-2.png\",\"datePublished\":\"2024-08-13T16:23:18+00:00\",\"dateModified\":\"2026-01-25T11:45:07+00:00\",\"description\":\"Zestaw zawiera dwa d\u0142u\u017csze haczyki dzi\u0119ki kt\u00f3rym zamocujesz podn\u00f3\u017cek do najbardziej niedost\u0119pnych punkt\u00f3w mocowania ISOFIX, np. Skoda Superb, lub BMW X3\",\"breadcrumb\":{\"@id\":\"https:\\\/\\\/okiday.pl\\\/de\\\/produkt\\\/zestaw-dluzszych-haczykow-czesc-zapasowa\\\/#breadcrumb\"},\"inLanguage\":\"de\",\"potentialAction\":[{\"@type\":\"ReadAction\",\"target\":[\"https:\\\/\\\/okiday.pl\\\/de\\\/produkt\\\/zestaw-dluzszych-haczykow-czesc-zapasowa\\\/\"]}]},{\"@type\":\"ImageObject\",\"inLanguage\":\"de\",\"@id\":\"https:\\\/\\\/okiday.pl\\\/de\\\/produkt\\\/zestaw-dluzszych-haczykow-czesc-zapasowa\\\/#primaryimage\",\"url\":\"https:\\\/\\\/okiday.pl\\\/wp-content\\\/uploads\\\/2024\\\/08\\\/dluzszy_haczyk_do_podnozka_do_fotelika_dla_dziecka_okiday-1-2.png\",\"contentUrl\":\"https:\\\/\\\/okiday.pl\\\/wp-content\\\/uploads\\\/2024\\\/08\\\/dluzszy_haczyk_do_podnozka_do_fotelika_dla_dziecka_okiday-1-2.png\",\"width\":1080,\"height\":1080,\"caption\":\"d\u0142u\u017csze haczyki do podn\u00f3\u017cka do fotelik\u00f3w dla dzieci - okiday\"},{\"@type\":\"BreadcrumbList\",\"@id\":\"https:\\\/\\\/okiday.pl\\\/de\\\/produkt\\\/zestaw-dluzszych-haczykow-czesc-zapasowa\\\/#breadcrumb\",\"itemListElement\":[{\"@type\":\"ListItem\",\"position\":1,\"name\":\"Strona g\u0142\u00f3wna\",\"item\":\"https:\\\/\\\/okiday.pl\\\/de\\\/\"},{\"@type\":\"ListItem\",\"position\":2,\"name\":\"Sklep\",\"item\":\"https:\\\/\\\/okiday.pl\\\/de\\\/sklep\\\/\"},{\"@type\":\"ListItem\",\"position\":3,\"name\":\"Satz l\u00e4ngerer Haken (Ersatzteil)\"}]},{\"@type\":\"WebSite\",\"@id\":\"https:\\\/\\\/okiday.pl\\\/de\\\/#website\",\"url\":\"https:\\\/\\\/okiday.pl\\\/de\\\/\",\"name\":\"Okiday\",\"description\":\"\",\"potentialAction\":[{\"@type\":\"SearchAction\",\"target\":{\"@type\":\"EntryPoint\",\"urlTemplate\":\"https:\\\/\\\/okiday.pl\\\/de\\\/?s={search_term_string}\"},\"query-input\":{\"@type\":\"PropertyValueSpecification\",\"valueRequired\":true,\"valueName\":\"search_term_string\"}}],\"inLanguage\":\"de\"}]}<\/script>\n<!-- \/ Yoast SEO plugin. -->","yoast_head_json":{"title":"Satz l\u00e4ngerer Haken (Ersatzteil) - Okiday","description":"Zestaw zawiera dwa d\u0142u\u017csze haczyki dzi\u0119ki kt\u00f3rym zamocujesz podn\u00f3\u017cek do najbardziej niedost\u0119pnych punkt\u00f3w mocowania ISOFIX, np. Skoda Superb, lub BMW X3","robots":{"index":"index","follow":"follow","max-snippet":"max-snippet:-1","max-image-preview":"max-image-preview:large","max-video-preview":"max-video-preview:-1"},"canonical":"https:\/\/okiday.pl\/de\/produkt\/zestaw-dluzszych-haczykow-czesc-zapasowa\/","og_locale":"de_DE","og_type":"article","og_title":"Satz l\u00e4ngerer Haken (Ersatzteil) - Okiday","og_description":"Zestaw zawiera dwa d\u0142u\u017csze haczyki dzi\u0119ki kt\u00f3rym zamocujesz podn\u00f3\u017cek do najbardziej niedost\u0119pnych punkt\u00f3w mocowania ISOFIX, np. Skoda Superb, lub BMW X3","og_url":"https:\/\/okiday.pl\/de\/produkt\/zestaw-dluzszych-haczykow-czesc-zapasowa\/","og_site_name":"Okiday","article_modified_time":"2026-01-25T11:45:07+00:00","og_image":[{"width":1080,"height":1080,"url":"https:\/\/okiday.pl\/wp-content\/uploads\/2024\/08\/dluzszy_haczyk_do_podnozka_do_fotelika_dla_dziecka_okiday-1-2.png","type":"image\/png"}],"twitter_card":"summary_large_image","twitter_misc":{"Gesch\u00e4tzte Lesezeit":"1\u00a0Minute"},"schema":{"@context":"https:\/\/schema.org","@graph":[{"@type":"WebPage","@id":"https:\/\/okiday.pl\/de\/produkt\/zestaw-dluzszych-haczykow-czesc-zapasowa\/","url":"https:\/\/okiday.pl\/de\/produkt\/zestaw-dluzszych-haczykow-czesc-zapasowa\/","name":"Satz l\u00e4ngerer Haken (Ersatzteil) - Okiday","isPartOf":{"@id":"https:\/\/okiday.pl\/de\/#website"},"primaryImageOfPage":{"@id":"https:\/\/okiday.pl\/de\/produkt\/zestaw-dluzszych-haczykow-czesc-zapasowa\/#primaryimage"},"image":{"@id":"https:\/\/okiday.pl\/de\/produkt\/zestaw-dluzszych-haczykow-czesc-zapasowa\/#primaryimage"},"thumbnailUrl":"https:\/\/okiday.pl\/wp-content\/uploads\/2024\/08\/dluzszy_haczyk_do_podnozka_do_fotelika_dla_dziecka_okiday-1-2.png","datePublished":"2024-08-13T16:23:18+00:00","dateModified":"2026-01-25T11:45:07+00:00","description":"Zestaw zawiera dwa d\u0142u\u017csze haczyki dzi\u0119ki kt\u00f3rym zamocujesz podn\u00f3\u017cek do najbardziej niedost\u0119pnych punkt\u00f3w mocowania ISOFIX, np. Skoda Superb, lub BMW X3","breadcrumb":{"@id":"https:\/\/okiday.pl\/de\/produkt\/zestaw-dluzszych-haczykow-czesc-zapasowa\/#breadcrumb"},"inLanguage":"de","potentialAction":[{"@type":"ReadAction","target":["https:\/\/okiday.pl\/de\/produkt\/zestaw-dluzszych-haczykow-czesc-zapasowa\/"]}]},{"@type":"ImageObject","inLanguage":"de","@id":"https:\/\/okiday.pl\/de\/produkt\/zestaw-dluzszych-haczykow-czesc-zapasowa\/#primaryimage","url":"https:\/\/okiday.pl\/wp-content\/uploads\/2024\/08\/dluzszy_haczyk_do_podnozka_do_fotelika_dla_dziecka_okiday-1-2.png","contentUrl":"https:\/\/okiday.pl\/wp-content\/uploads\/2024\/08\/dluzszy_haczyk_do_podnozka_do_fotelika_dla_dziecka_okiday-1-2.png","width":1080,"height":1080,"caption":"d\u0142u\u017csze haczyki do podn\u00f3\u017cka do fotelik\u00f3w dla dzieci - okiday"},{"@type":"BreadcrumbList","@id":"https:\/\/okiday.pl\/de\/produkt\/zestaw-dluzszych-haczykow-czesc-zapasowa\/#breadcrumb","itemListElement":[{"@type":"ListItem","position":1,"name":"Strona g\u0142\u00f3wna","item":"https:\/\/okiday.pl\/de\/"},{"@type":"ListItem","position":2,"name":"Sklep","item":"https:\/\/okiday.pl\/de\/sklep\/"},{"@type":"ListItem","position":3,"name":"Satz l\u00e4ngerer Haken (Ersatzteil)"}]},{"@type":"WebSite","@id":"https:\/\/okiday.pl\/de\/#website","url":"https:\/\/okiday.pl\/de\/","name":"Okiday","description":"","potentialAction":[{"@type":"SearchAction","target":{"@type":"EntryPoint","urlTemplate":"https:\/\/okiday.pl\/de\/?s={search_term_string}"},"query-input":{"@type":"PropertyValueSpecification","valueRequired":true,"valueName":"search_term_string"}}],"inLanguage":"de"}]}},"_links":{"self":[{"href":"https:\/\/okiday.pl\/de\/wp-json\/wp\/v2\/product\/4958","targetHints":{"allow":["GET"]}}],"collection":[{"href":"https:\/\/okiday.pl\/de\/wp-json\/wp\/v2\/product"}],"about":[{"href":"https:\/\/okiday.pl\/de\/wp-json\/wp\/v2\/types\/product"}],"replies":[{"embeddable":true,"href":"https:\/\/okiday.pl\/de\/wp-json\/wp\/v2\/comments?post=4958"}],"wp:featuredmedia":[{"embeddable":true,"href":"https:\/\/okiday.pl\/de\/wp-json\/wp\/v2\/media\/3723"}],"wp:attachment":[{"href":"https:\/\/okiday.pl\/de\/wp-json\/wp\/v2\/media?parent=4958"}],"wp:term":[{"taxonomy":"product_brand","embeddable":true,"href":"https:\/\/okiday.pl\/de\/wp-json\/wp\/v2\/product_brand?post=4958"},{"taxonomy":"product_cat","embeddable":true,"href":"https:\/\/okiday.pl\/de\/wp-json\/wp\/v2\/product_cat?post=4958"},{"taxonomy":"product_tag","embeddable":true,"href":"https:\/\/okiday.pl\/de\/wp-json\/wp\/v2\/product_tag?post=4958"}],"curies":[{"name":"wp","href":"https:\/\/api.w.org\/{rel}","templated":true}]}}