{"id":4952,"date":"2024-03-01T14:43:09","date_gmt":"2024-03-01T13:43:09","guid":{"rendered":"https:\/\/okiday.pl\/produkt\/zestaw-montazowy-do-foteli-bez-isofix\/"},"modified":"2026-01-25T12:41:03","modified_gmt":"2026-01-25T11:41:03","slug":"zestaw-montazowy-do-foteli-bez-isofix","status":"publish","type":"product","link":"https:\/\/okiday.pl\/de\/produkt\/zestaw-montazowy-do-foteli-bez-isofix\/","title":{"rendered":"Einbausatz f\u00fcr Sitze ohne ISOFIX"},"content":{"rendered":"<p>Das Montageset beinhaltet:<\/p>\n<p>Spezielle Befestigungselemente (links und rechts)<br \/>\nMontageanleitung<\/p>\n<p>Alle weiteren f\u00fcr die Montage der Fu\u00dfst\u00fctze ben\u00f6tigten Komponenten sind im Set enthalten.<\/p>\n","protected":false},"excerpt":{"rendered":"<p>Das Montageset beinhaltet:<\/p>\n<p>Spezielle Befestigungselemente (links und rechts)<br \/>\nMontageanleitung<\/p>\n<p>Alle weiteren f\u00fcr die Montage der Fu\u00dfst\u00fctze ben\u00f6tigten Komponenten sind im Set enthalten.<\/p>\n","protected":false},"featured_media":3077,"comment_status":"closed","ping_status":"closed","template":"","meta":{"_acf_changed":false},"product_brand":[],"product_cat":[333],"product_tag":[],"class_list":{"0":"post-4952","1":"product","2":"type-product","3":"status-publish","4":"has-post-thumbnail","6":"product_cat-ersatzteile-und-zubehor-fur-autofusstutzen","8":"first","9":"instock","10":"taxable","11":"shipping-taxable","12":"purchasable","13":"product-type-simple"},"acf":[],"yoast_head":"<!-- This site is optimized with the Yoast SEO plugin v27.4 - https:\/\/yoast.com\/product\/yoast-seo-wordpress\/ -->\n<title>Einbausatz f\u00fcr Sitze ohne ISOFIX - Okiday<\/title>\n<meta name=\"robots\" content=\"index, follow, max-snippet:-1, max-image-preview:large, max-video-preview:-1\" \/>\n<link rel=\"canonical\" href=\"https:\/\/okiday.pl\/de\/produkt\/zestaw-montazowy-do-foteli-bez-isofix\/\" \/>\n<meta property=\"og:locale\" content=\"de_DE\" \/>\n<meta property=\"og:type\" content=\"article\" \/>\n<meta property=\"og:title\" content=\"Einbausatz f\u00fcr Sitze ohne ISOFIX - Okiday\" \/>\n<meta property=\"og:description\" content=\"Das Montageset beinhaltet:  Spezielle Befestigungselemente (links und rechts) Montageanleitung  Alle weiteren f\u00fcr die Montage der Fu\u00dfst\u00fctze ben\u00f6tigten Komponenten sind im Set enthalten.\" \/>\n<meta property=\"og:url\" content=\"https:\/\/okiday.pl\/de\/produkt\/zestaw-montazowy-do-foteli-bez-isofix\/\" \/>\n<meta property=\"og:site_name\" content=\"Okiday\" \/>\n<meta property=\"article:modified_time\" content=\"2026-01-25T11:41:03+00:00\" \/>\n<meta property=\"og:image\" content=\"https:\/\/okiday.pl\/wp-content\/uploads\/2024\/03\/Tlo-1x1-1.png\" \/>\n\t<meta property=\"og:image:width\" content=\"1080\" \/>\n\t<meta property=\"og:image:height\" content=\"1080\" \/>\n\t<meta property=\"og:image:type\" content=\"image\/png\" \/>\n<meta name=\"twitter:card\" content=\"summary_large_image\" \/>\n<meta name=\"twitter:label1\" content=\"Gesch\u00e4tzte Lesezeit\" \/>\n\t<meta name=\"twitter:data1\" content=\"1\u00a0Minute\" \/>\n<script type=\"application\/ld+json\" class=\"yoast-schema-graph\">{\"@context\":\"https:\\\/\\\/schema.org\",\"@graph\":[{\"@type\":\"WebPage\",\"@id\":\"https:\\\/\\\/okiday.pl\\\/de\\\/produkt\\\/zestaw-montazowy-do-foteli-bez-isofix\\\/\",\"url\":\"https:\\\/\\\/okiday.pl\\\/de\\\/produkt\\\/zestaw-montazowy-do-foteli-bez-isofix\\\/\",\"name\":\"Einbausatz f\u00fcr Sitze ohne ISOFIX - Okiday\",\"isPartOf\":{\"@id\":\"https:\\\/\\\/okiday.pl\\\/de\\\/#website\"},\"primaryImageOfPage\":{\"@id\":\"https:\\\/\\\/okiday.pl\\\/de\\\/produkt\\\/zestaw-montazowy-do-foteli-bez-isofix\\\/#primaryimage\"},\"image\":{\"@id\":\"https:\\\/\\\/okiday.pl\\\/de\\\/produkt\\\/zestaw-montazowy-do-foteli-bez-isofix\\\/#primaryimage\"},\"thumbnailUrl\":\"https:\\\/\\\/okiday.pl\\\/wp-content\\\/uploads\\\/2024\\\/03\\\/Tlo-1x1-1.png\",\"datePublished\":\"2024-03-01T13:43:09+00:00\",\"dateModified\":\"2026-01-25T11:41:03+00:00\",\"breadcrumb\":{\"@id\":\"https:\\\/\\\/okiday.pl\\\/de\\\/produkt\\\/zestaw-montazowy-do-foteli-bez-isofix\\\/#breadcrumb\"},\"inLanguage\":\"de\",\"potentialAction\":[{\"@type\":\"ReadAction\",\"target\":[\"https:\\\/\\\/okiday.pl\\\/de\\\/produkt\\\/zestaw-montazowy-do-foteli-bez-isofix\\\/\"]}]},{\"@type\":\"ImageObject\",\"inLanguage\":\"de\",\"@id\":\"https:\\\/\\\/okiday.pl\\\/de\\\/produkt\\\/zestaw-montazowy-do-foteli-bez-isofix\\\/#primaryimage\",\"url\":\"https:\\\/\\\/okiday.pl\\\/wp-content\\\/uploads\\\/2024\\\/03\\\/Tlo-1x1-1.png\",\"contentUrl\":\"https:\\\/\\\/okiday.pl\\\/wp-content\\\/uploads\\\/2024\\\/03\\\/Tlo-1x1-1.png\",\"width\":1080,\"height\":1080,\"caption\":\"Dodatkowy element mocuj\u0105cy podn\u00f3\u017cek OKIDAY do foteli bez punkt\u00f3w ISOFIX\"},{\"@type\":\"BreadcrumbList\",\"@id\":\"https:\\\/\\\/okiday.pl\\\/de\\\/produkt\\\/zestaw-montazowy-do-foteli-bez-isofix\\\/#breadcrumb\",\"itemListElement\":[{\"@type\":\"ListItem\",\"position\":1,\"name\":\"Strona g\u0142\u00f3wna\",\"item\":\"https:\\\/\\\/okiday.pl\\\/de\\\/\"},{\"@type\":\"ListItem\",\"position\":2,\"name\":\"Sklep\",\"item\":\"https:\\\/\\\/okiday.pl\\\/de\\\/sklep\\\/\"},{\"@type\":\"ListItem\",\"position\":3,\"name\":\"Einbausatz f\u00fcr Sitze ohne ISOFIX\"}]},{\"@type\":\"WebSite\",\"@id\":\"https:\\\/\\\/okiday.pl\\\/de\\\/#website\",\"url\":\"https:\\\/\\\/okiday.pl\\\/de\\\/\",\"name\":\"Okiday\",\"description\":\"\",\"potentialAction\":[{\"@type\":\"SearchAction\",\"target\":{\"@type\":\"EntryPoint\",\"urlTemplate\":\"https:\\\/\\\/okiday.pl\\\/de\\\/?s={search_term_string}\"},\"query-input\":{\"@type\":\"PropertyValueSpecification\",\"valueRequired\":true,\"valueName\":\"search_term_string\"}}],\"inLanguage\":\"de\"}]}<\/script>\n<!-- \/ Yoast SEO plugin. -->","yoast_head_json":{"title":"Einbausatz f\u00fcr Sitze ohne ISOFIX - Okiday","robots":{"index":"index","follow":"follow","max-snippet":"max-snippet:-1","max-image-preview":"max-image-preview:large","max-video-preview":"max-video-preview:-1"},"canonical":"https:\/\/okiday.pl\/de\/produkt\/zestaw-montazowy-do-foteli-bez-isofix\/","og_locale":"de_DE","og_type":"article","og_title":"Einbausatz f\u00fcr Sitze ohne ISOFIX - Okiday","og_description":"Das Montageset beinhaltet:  Spezielle Befestigungselemente (links und rechts) Montageanleitung  Alle weiteren f\u00fcr die Montage der Fu\u00dfst\u00fctze ben\u00f6tigten Komponenten sind im Set enthalten.","og_url":"https:\/\/okiday.pl\/de\/produkt\/zestaw-montazowy-do-foteli-bez-isofix\/","og_site_name":"Okiday","article_modified_time":"2026-01-25T11:41:03+00:00","og_image":[{"width":1080,"height":1080,"url":"https:\/\/okiday.pl\/wp-content\/uploads\/2024\/03\/Tlo-1x1-1.png","type":"image\/png"}],"twitter_card":"summary_large_image","twitter_misc":{"Gesch\u00e4tzte Lesezeit":"1\u00a0Minute"},"schema":{"@context":"https:\/\/schema.org","@graph":[{"@type":"WebPage","@id":"https:\/\/okiday.pl\/de\/produkt\/zestaw-montazowy-do-foteli-bez-isofix\/","url":"https:\/\/okiday.pl\/de\/produkt\/zestaw-montazowy-do-foteli-bez-isofix\/","name":"Einbausatz f\u00fcr Sitze ohne ISOFIX - Okiday","isPartOf":{"@id":"https:\/\/okiday.pl\/de\/#website"},"primaryImageOfPage":{"@id":"https:\/\/okiday.pl\/de\/produkt\/zestaw-montazowy-do-foteli-bez-isofix\/#primaryimage"},"image":{"@id":"https:\/\/okiday.pl\/de\/produkt\/zestaw-montazowy-do-foteli-bez-isofix\/#primaryimage"},"thumbnailUrl":"https:\/\/okiday.pl\/wp-content\/uploads\/2024\/03\/Tlo-1x1-1.png","datePublished":"2024-03-01T13:43:09+00:00","dateModified":"2026-01-25T11:41:03+00:00","breadcrumb":{"@id":"https:\/\/okiday.pl\/de\/produkt\/zestaw-montazowy-do-foteli-bez-isofix\/#breadcrumb"},"inLanguage":"de","potentialAction":[{"@type":"ReadAction","target":["https:\/\/okiday.pl\/de\/produkt\/zestaw-montazowy-do-foteli-bez-isofix\/"]}]},{"@type":"ImageObject","inLanguage":"de","@id":"https:\/\/okiday.pl\/de\/produkt\/zestaw-montazowy-do-foteli-bez-isofix\/#primaryimage","url":"https:\/\/okiday.pl\/wp-content\/uploads\/2024\/03\/Tlo-1x1-1.png","contentUrl":"https:\/\/okiday.pl\/wp-content\/uploads\/2024\/03\/Tlo-1x1-1.png","width":1080,"height":1080,"caption":"Dodatkowy element mocuj\u0105cy podn\u00f3\u017cek OKIDAY do foteli bez punkt\u00f3w ISOFIX"},{"@type":"BreadcrumbList","@id":"https:\/\/okiday.pl\/de\/produkt\/zestaw-montazowy-do-foteli-bez-isofix\/#breadcrumb","itemListElement":[{"@type":"ListItem","position":1,"name":"Strona g\u0142\u00f3wna","item":"https:\/\/okiday.pl\/de\/"},{"@type":"ListItem","position":2,"name":"Sklep","item":"https:\/\/okiday.pl\/de\/sklep\/"},{"@type":"ListItem","position":3,"name":"Einbausatz f\u00fcr Sitze ohne ISOFIX"}]},{"@type":"WebSite","@id":"https:\/\/okiday.pl\/de\/#website","url":"https:\/\/okiday.pl\/de\/","name":"Okiday","description":"","potentialAction":[{"@type":"SearchAction","target":{"@type":"EntryPoint","urlTemplate":"https:\/\/okiday.pl\/de\/?s={search_term_string}"},"query-input":{"@type":"PropertyValueSpecification","valueRequired":true,"valueName":"search_term_string"}}],"inLanguage":"de"}]}},"_links":{"self":[{"href":"https:\/\/okiday.pl\/de\/wp-json\/wp\/v2\/product\/4952","targetHints":{"allow":["GET"]}}],"collection":[{"href":"https:\/\/okiday.pl\/de\/wp-json\/wp\/v2\/product"}],"about":[{"href":"https:\/\/okiday.pl\/de\/wp-json\/wp\/v2\/types\/product"}],"replies":[{"embeddable":true,"href":"https:\/\/okiday.pl\/de\/wp-json\/wp\/v2\/comments?post=4952"}],"wp:featuredmedia":[{"embeddable":true,"href":"https:\/\/okiday.pl\/de\/wp-json\/wp\/v2\/media\/3077"}],"wp:attachment":[{"href":"https:\/\/okiday.pl\/de\/wp-json\/wp\/v2\/media?parent=4952"}],"wp:term":[{"taxonomy":"product_brand","embeddable":true,"href":"https:\/\/okiday.pl\/de\/wp-json\/wp\/v2\/product_brand?post=4952"},{"taxonomy":"product_cat","embeddable":true,"href":"https:\/\/okiday.pl\/de\/wp-json\/wp\/v2\/product_cat?post=4952"},{"taxonomy":"product_tag","embeddable":true,"href":"https:\/\/okiday.pl\/de\/wp-json\/wp\/v2\/product_tag?post=4952"}],"curies":[{"name":"wp","href":"https:\/\/api.w.org\/{rel}","templated":true}]}}