{"id":2700,"date":"2023-01-30T15:20:42","date_gmt":"2023-01-30T14:20:42","guid":{"rendered":"https:\/\/okiday.pl\/produkt\/podnozek-do-fotelika-samochodowego-dla-dzieci-bezowy\/"},"modified":"2024-07-16T22:31:18","modified_gmt":"2024-07-16T20:31:18","slug":"podnozek-do-fotelika-samochodowego-dla-dzieci-bezowy","status":"publish","type":"product","link":"https:\/\/okiday.pl\/de\/produkt\/podnozek-do-fotelika-samochodowego-dla-dzieci-bezowy\/","title":{"rendered":"OKIDAY Fu\u00dfst\u00fctze f\u00fcr Kinderautositze | Farbe Beige"},"content":{"rendered":"<p>Wir denken selten an Komfort im Zusammenhang mit der Erh\u00f6hung der Sicherheit auf Reisen, und wie sich herausstellt, ist dies ein zentrales Thema.<\/p>\n<p>Die OKIDAY-Fu\u00dfst\u00fctze ist eine Erg\u00e4nzung zu Autositzen. Dies ist eine einfache und innovative L\u00f6sung f\u00fcr Reisende mit Kindern. Es kann in jedem Fahrzeug verwendet werden, unabh\u00e4ngig von Alter, Typ oder Marke des Autos. Fu\u00dffallen erh\u00f6hen die Sicherheit und den Reisekomfort f\u00fcr das Kind und seine Mitreisenden. Die darin verwendeten L\u00f6sungen erf\u00fcllen zwei Grundbed\u00fcrfnisse: das Bed\u00fcrfnis nach Sicherheit und Komfort f\u00fcr Sie und Ihre Familie.<\/p>\n<p>Die positiven Auswirkungen von Fu\u00dfst\u00fctzen gelten auch f\u00fcr Bereiche wie:<\/p>\n<p>&#8211; Gesundheit des Kindes (auf die richtige Haltung beim Autofahren achten)<br \/>\n&#8211; Verringerung der Auswirkungen von Verkehrsunf\u00e4llen (Minimierung der Verletzungen von Kindern)<br \/>\n&#8211; Verringerung des Risikos eines Verkehrsunfalls (der Fokus des Fahrers liegt haupts\u00e4chlich auf der Stra\u00dfe, nicht auf dem, was im Fahrzeug passiert)<br \/>\n&#8211; Familienfrieden (Verbesserung der Beziehungsqualit\u00e4t auf Reisen)<br \/>\n&#8211; \u00d6kologie (weniger Stress, ruhigeres Fahren, geringerer Kraftstoffverbrauch)<br \/>\n&#8211; geringere Betriebskosten des Fahrzeugs (durch leiseres Fahren)<br \/>\n&#8211; Restwert der Fahrzeuge (geringerer Schaden, h\u00f6herer Fahrzeugwert)<br \/>\n&#8211; Sicherheit der transportierten Lasten (zus\u00e4tzlicher Sicherheitsraum hinter dem Fahrer- und Beifahrersitz)<\/p>\n<p>Durch die Unterst\u00fctzung der Beine verringern wir den Druck auf die Venen und Arterien und die Beine des Kindes werden nicht mehr taub. Das Kind beh\u00e4lt w\u00e4hrend der Fahrt die richtige Sitzhaltung bei, was im Falle eines Unfalls sehr wichtig ist. Wenn ein Kind nicht richtig im Sitz sitzt, haben die Sicherheitsgurte keine Chance, richtig zu funktionieren. Ein unruhiges Kind lenkt den Fahrer ab und macht ihn nerv\u00f6s. Ein Kind, das sich unwohl f\u00fchlt, tritt oft gegen den Fahrersitz oder andere Teile des Fahrzeugs und zerst\u00f6rt diese, und der Fahrer dreht sich um und verliert die Aufmerksamkeit f\u00fcr das, was auf der Stra\u00dfe passiert, was sehr gef\u00e4hrlich ist. OKIDAY-Fu\u00dfst\u00fctzen minimieren das Unfallrisiko. Au\u00dferdem schadet ein ruhiges Kind dem Innenraum des Fahrzeugs nicht, was sich positiv auf den Restwert auswirkt.<\/p>\n<p>Ein Kind, das unter komfortablen Bedingungen reist, ist ein ruhiges und l\u00e4chelndes Kind. Dank der Fu\u00dfst\u00fctzen kann das Kind deutlich l\u00e4ngere Strecken zur\u00fccklegen (was vor allem den Eltern wichtig ist) und die gesamte Fahrt ist f\u00fcr alle deutlich angenehmer. Der Fahrer f\u00e4hrt ruhig und verursacht weniger Schadstoffe, was sich in echten Einsparungen f\u00fcr Autobesitzer und die Umwelt niederschl\u00e4gt.<\/p>\n","protected":false},"excerpt":{"rendered":"<ul>\n<li>verbessert den Reisekomfort des Kindes im Sitz (er kann sogar an einem Sitz mit einer Basis und einem St\u00fctzbein montiert werden)<\/li>\n<li>St\u00fctzt die Beine des Kindes und beseitigt die negativen Auswirkungen des Reisens<\/li>\n<li>sorgt f\u00fcr die richtige und ergonomische Sitzposition des Kindes im Sitz<\/li>\n<li>f\u00fcr Kinder im Alter von 4 bis 12 Jahren<\/li>\n<\/ul>\n<p>&nbsp;<\/p>\n<ul>\n<li>stabil und sehr langlebig, mit starkem Klettverschluss an ISOFIX-Punkten und <strong>am Boden befestigt<\/strong><\/li>\n<li>Kinder k\u00f6nnen auf der Fu\u00dfst\u00fctze stehen und so eine bequeme Position im Sitz einnehmen (Belastbarkeit &gt; 50 kg)<\/li>\n<li>Sie k\u00f6nnen die Fu\u00dfst\u00fctze und den Sitz einfach an ISOFIX-Punkten befestigen (kollisionsfreies Fu\u00dfst\u00fctzen-Montagesystem)<\/li>\n<li>Einfach zu bedienen, komplett montiert, verf\u00fcgt \u00fcber eine flexible Deckplatte, die sich an jeden Sessel und jedes Sofa anpasst<\/li>\n<li>Die stufenlose H\u00f6henverstellung der Fu\u00dfst\u00fctzen wurde f\u00fcr Kinder entwickelt, damit diese die Fu\u00dfst\u00fctze selbstst\u00e4ndig nutzen k\u00f6nnen<\/li>\n<li>Wir gew\u00e4hren 5 Jahre Garantie auf das Produkt<\/li>\n<\/ul>\n<p><strong>Bestellbearbeitungszeit<\/strong>: 1-2 Werktage oder schneller, wenn Sie es<strong>vorerst<\/strong> ben\u00f6tigen \ud83d\ude09<br \/>\n<strong>Versandkosten<\/strong>: ab 5,90 PLN (Paketfach) oder 11,50 PLN (Kurier)<\/p>\n<p><strong>HINWEIS<\/strong>: <em>Um eine Bestellung aufzugeben, legen Sie das Produkt in den Warenkorb und gehen Sie dann zum Warenkorb oder <a href=\"https:\/\/okiday.pl\/koszyk\/\">klicken Sie auf Dieser Link&lt;\/ a&gt;der Sie dorthin f\u00fchrt<\/a><\/em><\/p>\n","protected":false},"featured_media":3810,"comment_status":"closed","ping_status":"closed","template":"","meta":{"_acf_changed":false},"product_brand":[],"product_cat":[213],"product_tag":[189],"class_list":{"0":"post-2700","1":"product","2":"type-product","3":"status-publish","4":"has-post-thumbnail","6":"product_cat-podnozki-de","7":"product_tag-stopolapki-de","9":"first","10":"instock","11":"taxable","12":"shipping-taxable","13":"purchasable","14":"product-type-simple"},"acf":[],"yoast_head":"<!-- This site is optimized with the Yoast SEO plugin v27.3 - https:\/\/yoast.com\/product\/yoast-seo-wordpress\/ -->\n<title>OKIDAY Fu\u00dfst\u00fctze f\u00fcr Kinderautositze | Farbe Beige<\/title>\n<meta name=\"description\" content=\"Erh\u00f6ht den Reisekomfort des Kindes. Es kann mit einer Basis und einem St\u00fctzbein an einem Autositz befestigt werden. Es st\u00fctzt die Beine des Kindes und beseitigt die negativen Auswirkungen des Reisens. Es sorgt f\u00fcr die richtige und ergonomische Sitzposition des Kindes im Sitz. F\u00fcr Kinder im Alter von 4 bis 12 Jahren. Darauf kann man stehen.\" \/>\n<meta name=\"robots\" content=\"index, follow, max-snippet:-1, max-image-preview:large, max-video-preview:-1\" \/>\n<link rel=\"canonical\" href=\"https:\/\/okiday.pl\/de\/produkt\/podnozek-do-fotelika-samochodowego-dla-dzieci-bezowy\/\" \/>\n<meta property=\"og:locale\" content=\"de_DE\" \/>\n<meta property=\"og:type\" content=\"article\" \/>\n<meta property=\"og:title\" content=\"OKIDAY Fu\u00dfst\u00fctze f\u00fcr Kinderautositze | Farbe Beige\" \/>\n<meta property=\"og:description\" content=\"Erh\u00f6ht den Reisekomfort des Kindes. Es kann mit einer Basis und einem St\u00fctzbein an einem Autositz befestigt werden. Es st\u00fctzt die Beine des Kindes und beseitigt die negativen Auswirkungen des Reisens. Es sorgt f\u00fcr die richtige und ergonomische Sitzposition des Kindes im Sitz. F\u00fcr Kinder im Alter von 4 bis 12 Jahren. Darauf kann man stehen.\" \/>\n<meta property=\"og:url\" content=\"https:\/\/okiday.pl\/de\/produkt\/podnozek-do-fotelika-samochodowego-dla-dzieci-bezowy\/\" \/>\n<meta property=\"og:site_name\" content=\"Okiday\" \/>\n<meta property=\"article:modified_time\" content=\"2024-07-16T20:31:18+00:00\" \/>\n<meta property=\"og:image\" content=\"https:\/\/okiday.pl\/wp-content\/uploads\/2023\/01\/03a-glowne_bez.png\" \/>\n\t<meta property=\"og:image:width\" content=\"1080\" \/>\n\t<meta property=\"og:image:height\" content=\"1080\" \/>\n\t<meta property=\"og:image:type\" content=\"image\/png\" \/>\n<meta name=\"twitter:card\" content=\"summary_large_image\" \/>\n<meta name=\"twitter:label1\" content=\"Gesch\u00e4tzte Lesezeit\" \/>\n\t<meta name=\"twitter:data1\" content=\"7\u00a0Minuten\" \/>\n<script type=\"application\/ld+json\" class=\"yoast-schema-graph\">{\"@context\":\"https:\\\/\\\/schema.org\",\"@graph\":[{\"@type\":\"WebPage\",\"@id\":\"https:\\\/\\\/okiday.pl\\\/de\\\/produkt\\\/podnozek-do-fotelika-samochodowego-dla-dzieci-bezowy\\\/\",\"url\":\"https:\\\/\\\/okiday.pl\\\/de\\\/produkt\\\/podnozek-do-fotelika-samochodowego-dla-dzieci-bezowy\\\/\",\"name\":\"OKIDAY Fu\u00dfst\u00fctze f\u00fcr Kinderautositze | Farbe Beige\",\"isPartOf\":{\"@id\":\"https:\\\/\\\/okiday.pl\\\/de\\\/#website\"},\"primaryImageOfPage\":{\"@id\":\"https:\\\/\\\/okiday.pl\\\/de\\\/produkt\\\/podnozek-do-fotelika-samochodowego-dla-dzieci-bezowy\\\/#primaryimage\"},\"image\":{\"@id\":\"https:\\\/\\\/okiday.pl\\\/de\\\/produkt\\\/podnozek-do-fotelika-samochodowego-dla-dzieci-bezowy\\\/#primaryimage\"},\"thumbnailUrl\":\"https:\\\/\\\/okiday.pl\\\/wp-content\\\/uploads\\\/2023\\\/01\\\/03a-glowne_bez.png\",\"datePublished\":\"2023-01-30T14:20:42+00:00\",\"dateModified\":\"2024-07-16T20:31:18+00:00\",\"description\":\"Erh\u00f6ht den Reisekomfort des Kindes. Es kann mit einer Basis und einem St\u00fctzbein an einem Autositz befestigt werden. Es st\u00fctzt die Beine des Kindes und beseitigt die negativen Auswirkungen des Reisens. Es sorgt f\u00fcr die richtige und ergonomische Sitzposition des Kindes im Sitz. F\u00fcr Kinder im Alter von 4 bis 12 Jahren. Darauf kann man stehen.\",\"breadcrumb\":{\"@id\":\"https:\\\/\\\/okiday.pl\\\/de\\\/produkt\\\/podnozek-do-fotelika-samochodowego-dla-dzieci-bezowy\\\/#breadcrumb\"},\"inLanguage\":\"de\",\"potentialAction\":[{\"@type\":\"ReadAction\",\"target\":[\"https:\\\/\\\/okiday.pl\\\/de\\\/produkt\\\/podnozek-do-fotelika-samochodowego-dla-dzieci-bezowy\\\/\"]}]},{\"@type\":\"ImageObject\",\"inLanguage\":\"de\",\"@id\":\"https:\\\/\\\/okiday.pl\\\/de\\\/produkt\\\/podnozek-do-fotelika-samochodowego-dla-dzieci-bezowy\\\/#primaryimage\",\"url\":\"https:\\\/\\\/okiday.pl\\\/wp-content\\\/uploads\\\/2023\\\/01\\\/03a-glowne_bez.png\",\"contentUrl\":\"https:\\\/\\\/okiday.pl\\\/wp-content\\\/uploads\\\/2023\\\/01\\\/03a-glowne_bez.png\",\"width\":1080,\"height\":1080,\"caption\":\"Podn\u00f3\u017cek okiday do dzieci\u0119cych fotelik\u00f3w samochodowych\"},{\"@type\":\"BreadcrumbList\",\"@id\":\"https:\\\/\\\/okiday.pl\\\/de\\\/produkt\\\/podnozek-do-fotelika-samochodowego-dla-dzieci-bezowy\\\/#breadcrumb\",\"itemListElement\":[{\"@type\":\"ListItem\",\"position\":1,\"name\":\"Strona g\u0142\u00f3wna\",\"item\":\"https:\\\/\\\/okiday.pl\\\/de\\\/\"},{\"@type\":\"ListItem\",\"position\":2,\"name\":\"Sklep\",\"item\":\"https:\\\/\\\/okiday.pl\\\/de\\\/sklep\\\/\"},{\"@type\":\"ListItem\",\"position\":3,\"name\":\"OKIDAY Fu\u00dfst\u00fctze f\u00fcr Kinderautositze | Farbe Beige\"}]},{\"@type\":\"WebSite\",\"@id\":\"https:\\\/\\\/okiday.pl\\\/de\\\/#website\",\"url\":\"https:\\\/\\\/okiday.pl\\\/de\\\/\",\"name\":\"Okiday\",\"description\":\"\",\"potentialAction\":[{\"@type\":\"SearchAction\",\"target\":{\"@type\":\"EntryPoint\",\"urlTemplate\":\"https:\\\/\\\/okiday.pl\\\/de\\\/?s={search_term_string}\"},\"query-input\":{\"@type\":\"PropertyValueSpecification\",\"valueRequired\":true,\"valueName\":\"search_term_string\"}}],\"inLanguage\":\"de\"}]}<\/script>\n<!-- \/ Yoast SEO plugin. -->","yoast_head_json":{"title":"OKIDAY Fu\u00dfst\u00fctze f\u00fcr Kinderautositze | Farbe Beige","description":"Erh\u00f6ht den Reisekomfort des Kindes. Es kann mit einer Basis und einem St\u00fctzbein an einem Autositz befestigt werden. Es st\u00fctzt die Beine des Kindes und beseitigt die negativen Auswirkungen des Reisens. Es sorgt f\u00fcr die richtige und ergonomische Sitzposition des Kindes im Sitz. F\u00fcr Kinder im Alter von 4 bis 12 Jahren. Darauf kann man stehen.","robots":{"index":"index","follow":"follow","max-snippet":"max-snippet:-1","max-image-preview":"max-image-preview:large","max-video-preview":"max-video-preview:-1"},"canonical":"https:\/\/okiday.pl\/de\/produkt\/podnozek-do-fotelika-samochodowego-dla-dzieci-bezowy\/","og_locale":"de_DE","og_type":"article","og_title":"OKIDAY Fu\u00dfst\u00fctze f\u00fcr Kinderautositze | Farbe Beige","og_description":"Erh\u00f6ht den Reisekomfort des Kindes. Es kann mit einer Basis und einem St\u00fctzbein an einem Autositz befestigt werden. Es st\u00fctzt die Beine des Kindes und beseitigt die negativen Auswirkungen des Reisens. Es sorgt f\u00fcr die richtige und ergonomische Sitzposition des Kindes im Sitz. F\u00fcr Kinder im Alter von 4 bis 12 Jahren. Darauf kann man stehen.","og_url":"https:\/\/okiday.pl\/de\/produkt\/podnozek-do-fotelika-samochodowego-dla-dzieci-bezowy\/","og_site_name":"Okiday","article_modified_time":"2024-07-16T20:31:18+00:00","og_image":[{"width":1080,"height":1080,"url":"https:\/\/okiday.pl\/wp-content\/uploads\/2023\/01\/03a-glowne_bez.png","type":"image\/png"}],"twitter_card":"summary_large_image","twitter_misc":{"Gesch\u00e4tzte Lesezeit":"7\u00a0Minuten"},"schema":{"@context":"https:\/\/schema.org","@graph":[{"@type":"WebPage","@id":"https:\/\/okiday.pl\/de\/produkt\/podnozek-do-fotelika-samochodowego-dla-dzieci-bezowy\/","url":"https:\/\/okiday.pl\/de\/produkt\/podnozek-do-fotelika-samochodowego-dla-dzieci-bezowy\/","name":"OKIDAY Fu\u00dfst\u00fctze f\u00fcr Kinderautositze | Farbe Beige","isPartOf":{"@id":"https:\/\/okiday.pl\/de\/#website"},"primaryImageOfPage":{"@id":"https:\/\/okiday.pl\/de\/produkt\/podnozek-do-fotelika-samochodowego-dla-dzieci-bezowy\/#primaryimage"},"image":{"@id":"https:\/\/okiday.pl\/de\/produkt\/podnozek-do-fotelika-samochodowego-dla-dzieci-bezowy\/#primaryimage"},"thumbnailUrl":"https:\/\/okiday.pl\/wp-content\/uploads\/2023\/01\/03a-glowne_bez.png","datePublished":"2023-01-30T14:20:42+00:00","dateModified":"2024-07-16T20:31:18+00:00","description":"Erh\u00f6ht den Reisekomfort des Kindes. Es kann mit einer Basis und einem St\u00fctzbein an einem Autositz befestigt werden. Es st\u00fctzt die Beine des Kindes und beseitigt die negativen Auswirkungen des Reisens. Es sorgt f\u00fcr die richtige und ergonomische Sitzposition des Kindes im Sitz. F\u00fcr Kinder im Alter von 4 bis 12 Jahren. Darauf kann man stehen.","breadcrumb":{"@id":"https:\/\/okiday.pl\/de\/produkt\/podnozek-do-fotelika-samochodowego-dla-dzieci-bezowy\/#breadcrumb"},"inLanguage":"de","potentialAction":[{"@type":"ReadAction","target":["https:\/\/okiday.pl\/de\/produkt\/podnozek-do-fotelika-samochodowego-dla-dzieci-bezowy\/"]}]},{"@type":"ImageObject","inLanguage":"de","@id":"https:\/\/okiday.pl\/de\/produkt\/podnozek-do-fotelika-samochodowego-dla-dzieci-bezowy\/#primaryimage","url":"https:\/\/okiday.pl\/wp-content\/uploads\/2023\/01\/03a-glowne_bez.png","contentUrl":"https:\/\/okiday.pl\/wp-content\/uploads\/2023\/01\/03a-glowne_bez.png","width":1080,"height":1080,"caption":"Podn\u00f3\u017cek okiday do dzieci\u0119cych fotelik\u00f3w samochodowych"},{"@type":"BreadcrumbList","@id":"https:\/\/okiday.pl\/de\/produkt\/podnozek-do-fotelika-samochodowego-dla-dzieci-bezowy\/#breadcrumb","itemListElement":[{"@type":"ListItem","position":1,"name":"Strona g\u0142\u00f3wna","item":"https:\/\/okiday.pl\/de\/"},{"@type":"ListItem","position":2,"name":"Sklep","item":"https:\/\/okiday.pl\/de\/sklep\/"},{"@type":"ListItem","position":3,"name":"OKIDAY Fu\u00dfst\u00fctze f\u00fcr Kinderautositze | Farbe Beige"}]},{"@type":"WebSite","@id":"https:\/\/okiday.pl\/de\/#website","url":"https:\/\/okiday.pl\/de\/","name":"Okiday","description":"","potentialAction":[{"@type":"SearchAction","target":{"@type":"EntryPoint","urlTemplate":"https:\/\/okiday.pl\/de\/?s={search_term_string}"},"query-input":{"@type":"PropertyValueSpecification","valueRequired":true,"valueName":"search_term_string"}}],"inLanguage":"de"}]}},"_links":{"self":[{"href":"https:\/\/okiday.pl\/de\/wp-json\/wp\/v2\/product\/2700","targetHints":{"allow":["GET"]}}],"collection":[{"href":"https:\/\/okiday.pl\/de\/wp-json\/wp\/v2\/product"}],"about":[{"href":"https:\/\/okiday.pl\/de\/wp-json\/wp\/v2\/types\/product"}],"replies":[{"embeddable":true,"href":"https:\/\/okiday.pl\/de\/wp-json\/wp\/v2\/comments?post=2700"}],"wp:featuredmedia":[{"embeddable":true,"href":"https:\/\/okiday.pl\/de\/wp-json\/wp\/v2\/media\/3810"}],"wp:attachment":[{"href":"https:\/\/okiday.pl\/de\/wp-json\/wp\/v2\/media?parent=2700"}],"wp:term":[{"taxonomy":"product_brand","embeddable":true,"href":"https:\/\/okiday.pl\/de\/wp-json\/wp\/v2\/product_brand?post=2700"},{"taxonomy":"product_cat","embeddable":true,"href":"https:\/\/okiday.pl\/de\/wp-json\/wp\/v2\/product_cat?post=2700"},{"taxonomy":"product_tag","embeddable":true,"href":"https:\/\/okiday.pl\/de\/wp-json\/wp\/v2\/product_tag?post=2700"}],"curies":[{"name":"wp","href":"https:\/\/api.w.org\/{rel}","templated":true}]}}