{"id":2669,"date":"2023-02-10T17:30:58","date_gmt":"2023-02-10T16:30:58","guid":{"rendered":"https:\/\/okiday.pl\/produkt\/siedzisko-basic\/"},"modified":"2023-11-17T17:34:28","modified_gmt":"2023-11-17T16:34:28","slug":"siedzisko-basic","status":"publish","type":"product","link":"https:\/\/okiday.pl\/de\/produkt\/siedzisko-basic\/","title":{"rendered":"Sitz &#8211; BASIC"},"content":{"rendered":"<p>Als Eltern achten wir darauf, dass unsere Kinder sicher reisen und sich beim Autofahren so wohl wie m\u00f6glich f\u00fchlen. Was k\u00f6nnen wir tun, um den Komfort eines im Autositz reisenden Kindes zu erh\u00f6hen?<\/p>\n<p>Die L\u00f6sung sind weiche Sitzeinlagen, die auf zwei Arten gleichzeitig wirken:<\/p>\n<p>&#8211; Bel\u00fcften Sie den Sitz und die R\u00fcckenlehne des Sitzes<br \/>\n&#8211; Sie sorgen f\u00fcr die entsprechende Weichheit, sodass Ihr Kind bequem reisen kann<\/p>\n","protected":false},"excerpt":{"rendered":"<p>\u201eWeiche Anti-Schwei\u00df-Einlagen f\u00fcr Kinderautositze erh\u00f6hen den Komfort der Kinderfahrt im Sitz. Sie sind f\u00fcr Kinder im Alter von 4 bis 12 Jahren geeignet. Die BASIC-Version passt auf kleinere Sitze mit schmalerer Sitzfl\u00e4che.<br \/>\nDie Sitzeinlage ist dicker, sodass jedes Kind bequem darauf sitzt und l\u00e4ngere Strecken zur\u00fccklegen kann.<br \/>\nDie Porosit\u00e4t des Schaumstoffs und der Luftb\u00e4lge forcieren die Luftzirkulation im Sitzinneren, wodurch die Haut des Kindes auch an hei\u00dfen Tagen weniger schwitzt.<br \/>\nDie Einlagen bestehen aus Schaumstoff mit einer speziell ausgew\u00e4hlten Dichte, um eine ergonomische Sitzposition des Kindes im Sitz zu gew\u00e4hrleisten.<br \/>\nWir empfehlen, dass der Sitz auch mit R\u00fcckenlehnen- und Kopfst\u00fctzeneins\u00e4tzen ausgestattet ist, die St\u00f6\u00dfe auf den Kopf des Kindes, insbesondere im Schlaf, absorbieren.<br \/>\nWir gew\u00e4hren 5 Jahre Garantie auf das Produkt<\/p>\n","protected":false},"featured_media":2678,"comment_status":"closed","ping_status":"closed","template":"","meta":{"_acf_changed":false},"product_brand":[],"product_cat":[222],"product_tag":[188,189],"class_list":{"0":"post-2669","1":"product","2":"type-product","3":"status-publish","4":"has-post-thumbnail","6":"product_cat-wkladki-de","7":"product_tag-fusstutze","8":"product_tag-stopolapki-de","10":"first","11":"outofstock","12":"taxable","13":"shipping-taxable","14":"purchasable","15":"product-type-simple"},"acf":[],"yoast_head":"<!-- This site is optimized with the Yoast SEO plugin v27.3 - https:\/\/yoast.com\/product\/yoast-seo-wordpress\/ -->\n<title>Sitz - BASIC - Okiday<\/title>\n<meta name=\"robots\" content=\"index, follow, max-snippet:-1, max-image-preview:large, max-video-preview:-1\" \/>\n<link rel=\"canonical\" href=\"https:\/\/okiday.pl\/de\/produkt\/siedzisko-basic\/\" \/>\n<meta property=\"og:locale\" content=\"de_DE\" \/>\n<meta property=\"og:type\" content=\"article\" \/>\n<meta property=\"og:title\" content=\"Sitz - BASIC - Okiday\" \/>\n<meta property=\"og:description\" content=\"\u201eWeiche Anti-Schwei\u00df-Einlagen f\u00fcr Kinderautositze erh\u00f6hen den Komfort der Kinderfahrt im Sitz. Sie sind f\u00fcr Kinder im Alter von 4 bis 12 Jahren geeignet. Die BASIC-Version passt auf kleinere Sitze mit schmalerer Sitzfl\u00e4che. Die Sitzeinlage ist dicker, sodass jedes Kind bequem darauf sitzt und l\u00e4ngere Strecken zur\u00fccklegen kann. Die Porosit\u00e4t des Schaumstoffs und der Luftb\u00e4lge forcieren die Luftzirkulation im Sitzinneren, wodurch die Haut des Kindes auch an hei\u00dfen Tagen weniger schwitzt. Die Einlagen bestehen aus Schaumstoff mit einer speziell ausgew\u00e4hlten Dichte, um eine ergonomische Sitzposition des Kindes im Sitz zu gew\u00e4hrleisten. Wir empfehlen, dass der Sitz auch mit R\u00fcckenlehnen- und Kopfst\u00fctzeneins\u00e4tzen ausgestattet ist, die St\u00f6\u00dfe auf den Kopf des Kindes, insbesondere im Schlaf, absorbieren. Wir gew\u00e4hren 5 Jahre Garantie auf das Produkt\" \/>\n<meta property=\"og:url\" content=\"https:\/\/okiday.pl\/de\/produkt\/siedzisko-basic\/\" \/>\n<meta property=\"og:site_name\" content=\"Okiday\" \/>\n<meta property=\"article:modified_time\" content=\"2023-11-17T16:34:28+00:00\" \/>\n<meta property=\"og:image\" content=\"https:\/\/okiday.pl\/wp-content\/uploads\/2023\/01\/Wkladki-2000px-5@2x.jpg\" \/>\n\t<meta property=\"og:image:width\" content=\"2000\" \/>\n\t<meta property=\"og:image:height\" content=\"2000\" \/>\n\t<meta property=\"og:image:type\" content=\"image\/jpeg\" \/>\n<meta name=\"twitter:card\" content=\"summary_large_image\" \/>\n<meta name=\"twitter:label1\" content=\"Gesch\u00e4tzte Lesezeit\" \/>\n\t<meta name=\"twitter:data1\" content=\"1\u00a0Minute\" \/>\n<script type=\"application\/ld+json\" class=\"yoast-schema-graph\">{\"@context\":\"https:\\\/\\\/schema.org\",\"@graph\":[{\"@type\":\"WebPage\",\"@id\":\"https:\\\/\\\/okiday.pl\\\/de\\\/produkt\\\/siedzisko-basic\\\/\",\"url\":\"https:\\\/\\\/okiday.pl\\\/de\\\/produkt\\\/siedzisko-basic\\\/\",\"name\":\"Sitz - BASIC - Okiday\",\"isPartOf\":{\"@id\":\"https:\\\/\\\/okiday.pl\\\/de\\\/#website\"},\"primaryImageOfPage\":{\"@id\":\"https:\\\/\\\/okiday.pl\\\/de\\\/produkt\\\/siedzisko-basic\\\/#primaryimage\"},\"image\":{\"@id\":\"https:\\\/\\\/okiday.pl\\\/de\\\/produkt\\\/siedzisko-basic\\\/#primaryimage\"},\"thumbnailUrl\":\"https:\\\/\\\/okiday.pl\\\/wp-content\\\/uploads\\\/2023\\\/01\\\/Wkladki-2000px-5@2x.jpg\",\"datePublished\":\"2023-02-10T16:30:58+00:00\",\"dateModified\":\"2023-11-17T16:34:28+00:00\",\"breadcrumb\":{\"@id\":\"https:\\\/\\\/okiday.pl\\\/de\\\/produkt\\\/siedzisko-basic\\\/#breadcrumb\"},\"inLanguage\":\"de\",\"potentialAction\":[{\"@type\":\"ReadAction\",\"target\":[\"https:\\\/\\\/okiday.pl\\\/de\\\/produkt\\\/siedzisko-basic\\\/\"]}]},{\"@type\":\"ImageObject\",\"inLanguage\":\"de\",\"@id\":\"https:\\\/\\\/okiday.pl\\\/de\\\/produkt\\\/siedzisko-basic\\\/#primaryimage\",\"url\":\"https:\\\/\\\/okiday.pl\\\/wp-content\\\/uploads\\\/2023\\\/01\\\/Wkladki-2000px-5@2x.jpg\",\"contentUrl\":\"https:\\\/\\\/okiday.pl\\\/wp-content\\\/uploads\\\/2023\\\/01\\\/Wkladki-2000px-5@2x.jpg\",\"width\":2000,\"height\":2000},{\"@type\":\"BreadcrumbList\",\"@id\":\"https:\\\/\\\/okiday.pl\\\/de\\\/produkt\\\/siedzisko-basic\\\/#breadcrumb\",\"itemListElement\":[{\"@type\":\"ListItem\",\"position\":1,\"name\":\"Strona g\u0142\u00f3wna\",\"item\":\"https:\\\/\\\/okiday.pl\\\/de\\\/\"},{\"@type\":\"ListItem\",\"position\":2,\"name\":\"Sklep\",\"item\":\"https:\\\/\\\/okiday.pl\\\/de\\\/sklep\\\/\"},{\"@type\":\"ListItem\",\"position\":3,\"name\":\"Sitz &#8211; BASIC\"}]},{\"@type\":\"WebSite\",\"@id\":\"https:\\\/\\\/okiday.pl\\\/de\\\/#website\",\"url\":\"https:\\\/\\\/okiday.pl\\\/de\\\/\",\"name\":\"Okiday\",\"description\":\"\",\"potentialAction\":[{\"@type\":\"SearchAction\",\"target\":{\"@type\":\"EntryPoint\",\"urlTemplate\":\"https:\\\/\\\/okiday.pl\\\/de\\\/?s={search_term_string}\"},\"query-input\":{\"@type\":\"PropertyValueSpecification\",\"valueRequired\":true,\"valueName\":\"search_term_string\"}}],\"inLanguage\":\"de\"}]}<\/script>\n<!-- \/ Yoast SEO plugin. -->","yoast_head_json":{"title":"Sitz - BASIC - Okiday","robots":{"index":"index","follow":"follow","max-snippet":"max-snippet:-1","max-image-preview":"max-image-preview:large","max-video-preview":"max-video-preview:-1"},"canonical":"https:\/\/okiday.pl\/de\/produkt\/siedzisko-basic\/","og_locale":"de_DE","og_type":"article","og_title":"Sitz - BASIC - Okiday","og_description":"\u201eWeiche Anti-Schwei\u00df-Einlagen f\u00fcr Kinderautositze erh\u00f6hen den Komfort der Kinderfahrt im Sitz. Sie sind f\u00fcr Kinder im Alter von 4 bis 12 Jahren geeignet. Die BASIC-Version passt auf kleinere Sitze mit schmalerer Sitzfl\u00e4che. Die Sitzeinlage ist dicker, sodass jedes Kind bequem darauf sitzt und l\u00e4ngere Strecken zur\u00fccklegen kann. Die Porosit\u00e4t des Schaumstoffs und der Luftb\u00e4lge forcieren die Luftzirkulation im Sitzinneren, wodurch die Haut des Kindes auch an hei\u00dfen Tagen weniger schwitzt. Die Einlagen bestehen aus Schaumstoff mit einer speziell ausgew\u00e4hlten Dichte, um eine ergonomische Sitzposition des Kindes im Sitz zu gew\u00e4hrleisten. Wir empfehlen, dass der Sitz auch mit R\u00fcckenlehnen- und Kopfst\u00fctzeneins\u00e4tzen ausgestattet ist, die St\u00f6\u00dfe auf den Kopf des Kindes, insbesondere im Schlaf, absorbieren. Wir gew\u00e4hren 5 Jahre Garantie auf das Produkt","og_url":"https:\/\/okiday.pl\/de\/produkt\/siedzisko-basic\/","og_site_name":"Okiday","article_modified_time":"2023-11-17T16:34:28+00:00","og_image":[{"width":2000,"height":2000,"url":"https:\/\/okiday.pl\/wp-content\/uploads\/2023\/01\/Wkladki-2000px-5@2x.jpg","type":"image\/jpeg"}],"twitter_card":"summary_large_image","twitter_misc":{"Gesch\u00e4tzte Lesezeit":"1\u00a0Minute"},"schema":{"@context":"https:\/\/schema.org","@graph":[{"@type":"WebPage","@id":"https:\/\/okiday.pl\/de\/produkt\/siedzisko-basic\/","url":"https:\/\/okiday.pl\/de\/produkt\/siedzisko-basic\/","name":"Sitz - BASIC - Okiday","isPartOf":{"@id":"https:\/\/okiday.pl\/de\/#website"},"primaryImageOfPage":{"@id":"https:\/\/okiday.pl\/de\/produkt\/siedzisko-basic\/#primaryimage"},"image":{"@id":"https:\/\/okiday.pl\/de\/produkt\/siedzisko-basic\/#primaryimage"},"thumbnailUrl":"https:\/\/okiday.pl\/wp-content\/uploads\/2023\/01\/Wkladki-2000px-5@2x.jpg","datePublished":"2023-02-10T16:30:58+00:00","dateModified":"2023-11-17T16:34:28+00:00","breadcrumb":{"@id":"https:\/\/okiday.pl\/de\/produkt\/siedzisko-basic\/#breadcrumb"},"inLanguage":"de","potentialAction":[{"@type":"ReadAction","target":["https:\/\/okiday.pl\/de\/produkt\/siedzisko-basic\/"]}]},{"@type":"ImageObject","inLanguage":"de","@id":"https:\/\/okiday.pl\/de\/produkt\/siedzisko-basic\/#primaryimage","url":"https:\/\/okiday.pl\/wp-content\/uploads\/2023\/01\/Wkladki-2000px-5@2x.jpg","contentUrl":"https:\/\/okiday.pl\/wp-content\/uploads\/2023\/01\/Wkladki-2000px-5@2x.jpg","width":2000,"height":2000},{"@type":"BreadcrumbList","@id":"https:\/\/okiday.pl\/de\/produkt\/siedzisko-basic\/#breadcrumb","itemListElement":[{"@type":"ListItem","position":1,"name":"Strona g\u0142\u00f3wna","item":"https:\/\/okiday.pl\/de\/"},{"@type":"ListItem","position":2,"name":"Sklep","item":"https:\/\/okiday.pl\/de\/sklep\/"},{"@type":"ListItem","position":3,"name":"Sitz &#8211; BASIC"}]},{"@type":"WebSite","@id":"https:\/\/okiday.pl\/de\/#website","url":"https:\/\/okiday.pl\/de\/","name":"Okiday","description":"","potentialAction":[{"@type":"SearchAction","target":{"@type":"EntryPoint","urlTemplate":"https:\/\/okiday.pl\/de\/?s={search_term_string}"},"query-input":{"@type":"PropertyValueSpecification","valueRequired":true,"valueName":"search_term_string"}}],"inLanguage":"de"}]}},"_links":{"self":[{"href":"https:\/\/okiday.pl\/de\/wp-json\/wp\/v2\/product\/2669","targetHints":{"allow":["GET"]}}],"collection":[{"href":"https:\/\/okiday.pl\/de\/wp-json\/wp\/v2\/product"}],"about":[{"href":"https:\/\/okiday.pl\/de\/wp-json\/wp\/v2\/types\/product"}],"replies":[{"embeddable":true,"href":"https:\/\/okiday.pl\/de\/wp-json\/wp\/v2\/comments?post=2669"}],"wp:featuredmedia":[{"embeddable":true,"href":"https:\/\/okiday.pl\/de\/wp-json\/wp\/v2\/media\/2678"}],"wp:attachment":[{"href":"https:\/\/okiday.pl\/de\/wp-json\/wp\/v2\/media?parent=2669"}],"wp:term":[{"taxonomy":"product_brand","embeddable":true,"href":"https:\/\/okiday.pl\/de\/wp-json\/wp\/v2\/product_brand?post=2669"},{"taxonomy":"product_cat","embeddable":true,"href":"https:\/\/okiday.pl\/de\/wp-json\/wp\/v2\/product_cat?post=2669"},{"taxonomy":"product_tag","embeddable":true,"href":"https:\/\/okiday.pl\/de\/wp-json\/wp\/v2\/product_tag?post=2669"}],"curies":[{"name":"wp","href":"https:\/\/api.w.org\/{rel}","templated":true}]}}