{"id":2668,"date":"2023-05-05T18:24:36","date_gmt":"2023-05-05T16:24:36","guid":{"rendered":"https:\/\/okiday.pl\/produkt\/zestaw-montazowy-do-podnozka\/"},"modified":"2026-01-25T12:22:30","modified_gmt":"2026-01-25T11:22:30","slug":"zestaw-montazowy-do-podnozka","status":"publish","type":"product","link":"https:\/\/okiday.pl\/de\/produkt\/zestaw-montazowy-do-podnozka\/","title":{"rendered":"Fu\u00dfst\u00fctzen-Montagesatz"},"content":{"rendered":"<p>Montagesatz inklusive:<\/p>\n<ul>\n<li>Gurt zur Befestigung der Fu\u00dfst\u00fctze an ISOFIX-Punkten<\/li>\n<li>Haken<\/li>\n<li>Schrauben<\/li>\n<li>Schl\u00fcssel<\/li>\n<li>Anschl\u00fcsse (Clips, T\u00fcllen, Stecker und Buchse)<\/li>\n<li>Klettverschluss zur Befestigung der Fu\u00dfst\u00fctze am Boden<\/li>\n<\/ul>\n<p>&#8230; alles, was Sie brauchen, um die Fu\u00dfst\u00fctze an den ISOFIX-Befestigungspunkten zu befestigen \ud83d\ude09<\/p>\n","protected":false},"excerpt":{"rendered":"<p>Montagesatz inklusive:<\/p>\n<ul>\n<li>Gurt zur Befestigung an ISOFIX-Punkten<\/li>\n<li>Haken<\/li>\n<li>Schrauben<\/li>\n<li>Schl\u00fcssel<\/li>\n<li>Anschl\u00fcsse (Clips, T\u00fcllen, Stecker und Buchse)<\/li>\n<li>Klettverschluss am Boden<\/li>\n<\/ul>\n<p>&#8230; alles, was Sie brauchen, um die Fu\u00dfst\u00fctze an den ISOFIX-Befestigungspunkten zu befestigen \ud83d\ude09<\/p>\n","protected":false},"featured_media":2676,"comment_status":"closed","ping_status":"closed","template":"","meta":{"_acf_changed":false},"product_brand":[],"product_cat":[333],"product_tag":[],"class_list":{"0":"post-2668","1":"product","2":"type-product","3":"status-publish","4":"has-post-thumbnail","6":"product_cat-ersatzteile-und-zubehor-fur-autofusstutzen","8":"first","9":"instock","10":"taxable","11":"shipping-taxable","12":"purchasable","13":"product-type-simple"},"acf":[],"yoast_head":"<!-- This site is optimized with the Yoast SEO plugin v27.4 - https:\/\/yoast.com\/product\/yoast-seo-wordpress\/ -->\n<title>Fu\u00dfst\u00fctzen-Montagesatz - Okiday<\/title>\n<meta name=\"robots\" content=\"index, follow, max-snippet:-1, max-image-preview:large, max-video-preview:-1\" \/>\n<link rel=\"canonical\" href=\"https:\/\/okiday.pl\/de\/produkt\/zestaw-montazowy-do-podnozka\/\" \/>\n<meta property=\"og:locale\" content=\"de_DE\" \/>\n<meta property=\"og:type\" content=\"article\" \/>\n<meta property=\"og:title\" content=\"Fu\u00dfst\u00fctzen-Montagesatz - Okiday\" \/>\n<meta property=\"og:description\" content=\"Montagesatz inklusive:   Gurt zur Befestigung an ISOFIX-Punkten  Haken  Schrauben  Schl\u00fcssel  Anschl\u00fcsse (Clips, T\u00fcllen, Stecker und Buchse)  Klettverschluss am Boden  ... alles, was Sie brauchen, um die Fu\u00dfst\u00fctze an den ISOFIX-Befestigungspunkten zu befestigen ;-)\" \/>\n<meta property=\"og:url\" content=\"https:\/\/okiday.pl\/de\/produkt\/zestaw-montazowy-do-podnozka\/\" \/>\n<meta property=\"og:site_name\" content=\"Okiday\" \/>\n<meta property=\"article:modified_time\" content=\"2026-01-25T11:22:30+00:00\" \/>\n<meta property=\"og:image\" content=\"https:\/\/okiday.pl\/wp-content\/uploads\/2023\/05\/zestaw_montazowy.jpg\" \/>\n\t<meta property=\"og:image:width\" content=\"1600\" \/>\n\t<meta property=\"og:image:height\" content=\"1600\" \/>\n\t<meta property=\"og:image:type\" content=\"image\/jpeg\" \/>\n<meta name=\"twitter:card\" content=\"summary_large_image\" \/>\n<meta name=\"twitter:label1\" content=\"Gesch\u00e4tzte Lesezeit\" \/>\n\t<meta name=\"twitter:data1\" content=\"1\u00a0Minute\" \/>\n<script type=\"application\/ld+json\" class=\"yoast-schema-graph\">{\"@context\":\"https:\\\/\\\/schema.org\",\"@graph\":[{\"@type\":\"WebPage\",\"@id\":\"https:\\\/\\\/okiday.pl\\\/de\\\/produkt\\\/zestaw-montazowy-do-podnozka\\\/\",\"url\":\"https:\\\/\\\/okiday.pl\\\/de\\\/produkt\\\/zestaw-montazowy-do-podnozka\\\/\",\"name\":\"Fu\u00dfst\u00fctzen-Montagesatz - Okiday\",\"isPartOf\":{\"@id\":\"https:\\\/\\\/okiday.pl\\\/de\\\/#website\"},\"primaryImageOfPage\":{\"@id\":\"https:\\\/\\\/okiday.pl\\\/de\\\/produkt\\\/zestaw-montazowy-do-podnozka\\\/#primaryimage\"},\"image\":{\"@id\":\"https:\\\/\\\/okiday.pl\\\/de\\\/produkt\\\/zestaw-montazowy-do-podnozka\\\/#primaryimage\"},\"thumbnailUrl\":\"https:\\\/\\\/okiday.pl\\\/wp-content\\\/uploads\\\/2023\\\/05\\\/zestaw_montazowy.jpg\",\"datePublished\":\"2023-05-05T16:24:36+00:00\",\"dateModified\":\"2026-01-25T11:22:30+00:00\",\"breadcrumb\":{\"@id\":\"https:\\\/\\\/okiday.pl\\\/de\\\/produkt\\\/zestaw-montazowy-do-podnozka\\\/#breadcrumb\"},\"inLanguage\":\"de\",\"potentialAction\":[{\"@type\":\"ReadAction\",\"target\":[\"https:\\\/\\\/okiday.pl\\\/de\\\/produkt\\\/zestaw-montazowy-do-podnozka\\\/\"]}]},{\"@type\":\"ImageObject\",\"inLanguage\":\"de\",\"@id\":\"https:\\\/\\\/okiday.pl\\\/de\\\/produkt\\\/zestaw-montazowy-do-podnozka\\\/#primaryimage\",\"url\":\"https:\\\/\\\/okiday.pl\\\/wp-content\\\/uploads\\\/2023\\\/05\\\/zestaw_montazowy.jpg\",\"contentUrl\":\"https:\\\/\\\/okiday.pl\\\/wp-content\\\/uploads\\\/2023\\\/05\\\/zestaw_montazowy.jpg\",\"width\":1600,\"height\":1600},{\"@type\":\"BreadcrumbList\",\"@id\":\"https:\\\/\\\/okiday.pl\\\/de\\\/produkt\\\/zestaw-montazowy-do-podnozka\\\/#breadcrumb\",\"itemListElement\":[{\"@type\":\"ListItem\",\"position\":1,\"name\":\"Strona g\u0142\u00f3wna\",\"item\":\"https:\\\/\\\/okiday.pl\\\/de\\\/\"},{\"@type\":\"ListItem\",\"position\":2,\"name\":\"Sklep\",\"item\":\"https:\\\/\\\/okiday.pl\\\/de\\\/sklep\\\/\"},{\"@type\":\"ListItem\",\"position\":3,\"name\":\"Fu\u00dfst\u00fctzen-Montagesatz\"}]},{\"@type\":\"WebSite\",\"@id\":\"https:\\\/\\\/okiday.pl\\\/de\\\/#website\",\"url\":\"https:\\\/\\\/okiday.pl\\\/de\\\/\",\"name\":\"Okiday\",\"description\":\"\",\"potentialAction\":[{\"@type\":\"SearchAction\",\"target\":{\"@type\":\"EntryPoint\",\"urlTemplate\":\"https:\\\/\\\/okiday.pl\\\/de\\\/?s={search_term_string}\"},\"query-input\":{\"@type\":\"PropertyValueSpecification\",\"valueRequired\":true,\"valueName\":\"search_term_string\"}}],\"inLanguage\":\"de\"}]}<\/script>\n<!-- \/ Yoast SEO plugin. -->","yoast_head_json":{"title":"Fu\u00dfst\u00fctzen-Montagesatz - Okiday","robots":{"index":"index","follow":"follow","max-snippet":"max-snippet:-1","max-image-preview":"max-image-preview:large","max-video-preview":"max-video-preview:-1"},"canonical":"https:\/\/okiday.pl\/de\/produkt\/zestaw-montazowy-do-podnozka\/","og_locale":"de_DE","og_type":"article","og_title":"Fu\u00dfst\u00fctzen-Montagesatz - Okiday","og_description":"Montagesatz inklusive:   Gurt zur Befestigung an ISOFIX-Punkten  Haken  Schrauben  Schl\u00fcssel  Anschl\u00fcsse (Clips, T\u00fcllen, Stecker und Buchse)  Klettverschluss am Boden  ... alles, was Sie brauchen, um die Fu\u00dfst\u00fctze an den ISOFIX-Befestigungspunkten zu befestigen ;-)","og_url":"https:\/\/okiday.pl\/de\/produkt\/zestaw-montazowy-do-podnozka\/","og_site_name":"Okiday","article_modified_time":"2026-01-25T11:22:30+00:00","og_image":[{"width":1600,"height":1600,"url":"https:\/\/okiday.pl\/wp-content\/uploads\/2023\/05\/zestaw_montazowy.jpg","type":"image\/jpeg"}],"twitter_card":"summary_large_image","twitter_misc":{"Gesch\u00e4tzte Lesezeit":"1\u00a0Minute"},"schema":{"@context":"https:\/\/schema.org","@graph":[{"@type":"WebPage","@id":"https:\/\/okiday.pl\/de\/produkt\/zestaw-montazowy-do-podnozka\/","url":"https:\/\/okiday.pl\/de\/produkt\/zestaw-montazowy-do-podnozka\/","name":"Fu\u00dfst\u00fctzen-Montagesatz - Okiday","isPartOf":{"@id":"https:\/\/okiday.pl\/de\/#website"},"primaryImageOfPage":{"@id":"https:\/\/okiday.pl\/de\/produkt\/zestaw-montazowy-do-podnozka\/#primaryimage"},"image":{"@id":"https:\/\/okiday.pl\/de\/produkt\/zestaw-montazowy-do-podnozka\/#primaryimage"},"thumbnailUrl":"https:\/\/okiday.pl\/wp-content\/uploads\/2023\/05\/zestaw_montazowy.jpg","datePublished":"2023-05-05T16:24:36+00:00","dateModified":"2026-01-25T11:22:30+00:00","breadcrumb":{"@id":"https:\/\/okiday.pl\/de\/produkt\/zestaw-montazowy-do-podnozka\/#breadcrumb"},"inLanguage":"de","potentialAction":[{"@type":"ReadAction","target":["https:\/\/okiday.pl\/de\/produkt\/zestaw-montazowy-do-podnozka\/"]}]},{"@type":"ImageObject","inLanguage":"de","@id":"https:\/\/okiday.pl\/de\/produkt\/zestaw-montazowy-do-podnozka\/#primaryimage","url":"https:\/\/okiday.pl\/wp-content\/uploads\/2023\/05\/zestaw_montazowy.jpg","contentUrl":"https:\/\/okiday.pl\/wp-content\/uploads\/2023\/05\/zestaw_montazowy.jpg","width":1600,"height":1600},{"@type":"BreadcrumbList","@id":"https:\/\/okiday.pl\/de\/produkt\/zestaw-montazowy-do-podnozka\/#breadcrumb","itemListElement":[{"@type":"ListItem","position":1,"name":"Strona g\u0142\u00f3wna","item":"https:\/\/okiday.pl\/de\/"},{"@type":"ListItem","position":2,"name":"Sklep","item":"https:\/\/okiday.pl\/de\/sklep\/"},{"@type":"ListItem","position":3,"name":"Fu\u00dfst\u00fctzen-Montagesatz"}]},{"@type":"WebSite","@id":"https:\/\/okiday.pl\/de\/#website","url":"https:\/\/okiday.pl\/de\/","name":"Okiday","description":"","potentialAction":[{"@type":"SearchAction","target":{"@type":"EntryPoint","urlTemplate":"https:\/\/okiday.pl\/de\/?s={search_term_string}"},"query-input":{"@type":"PropertyValueSpecification","valueRequired":true,"valueName":"search_term_string"}}],"inLanguage":"de"}]}},"_links":{"self":[{"href":"https:\/\/okiday.pl\/de\/wp-json\/wp\/v2\/product\/2668","targetHints":{"allow":["GET"]}}],"collection":[{"href":"https:\/\/okiday.pl\/de\/wp-json\/wp\/v2\/product"}],"about":[{"href":"https:\/\/okiday.pl\/de\/wp-json\/wp\/v2\/types\/product"}],"replies":[{"embeddable":true,"href":"https:\/\/okiday.pl\/de\/wp-json\/wp\/v2\/comments?post=2668"}],"wp:featuredmedia":[{"embeddable":true,"href":"https:\/\/okiday.pl\/de\/wp-json\/wp\/v2\/media\/2676"}],"wp:attachment":[{"href":"https:\/\/okiday.pl\/de\/wp-json\/wp\/v2\/media?parent=2668"}],"wp:term":[{"taxonomy":"product_brand","embeddable":true,"href":"https:\/\/okiday.pl\/de\/wp-json\/wp\/v2\/product_brand?post=2668"},{"taxonomy":"product_cat","embeddable":true,"href":"https:\/\/okiday.pl\/de\/wp-json\/wp\/v2\/product_cat?post=2668"},{"taxonomy":"product_tag","embeddable":true,"href":"https:\/\/okiday.pl\/de\/wp-json\/wp\/v2\/product_tag?post=2668"}],"curies":[{"name":"wp","href":"https:\/\/api.w.org\/{rel}","templated":true}]}}