{"id":4610,"date":"2025-02-10T14:20:42","date_gmt":"2025-02-10T13:20:42","guid":{"rendered":"https:\/\/okiday.pl\/podnozki-landing\/"},"modified":"2026-02-27T22:01:47","modified_gmt":"2026-02-27T21:01:47","slug":"fussstuetzen-fuer-autositze-2","status":"publish","type":"page","link":"https:\/\/okiday.pl\/de\/fussstuetzen-fuer-autositze-2\/","title":{"rendered":"Fu\u00dfst\u00fctzen f\u00fcr Autositze"},"content":{"rendered":"","protected":false},"excerpt":{"rendered":"","protected":false},"author":1,"featured_media":0,"parent":0,"menu_order":0,"comment_status":"closed","ping_status":"closed","template":"template-podnozki-landing.php","meta":{"_acf_changed":false,"footnotes":""},"class_list":["post-4610","page","type-page","status-publish","hentry"],"acf":[],"yoast_head":"<!-- This site is optimized with the Yoast SEO plugin v27.4 - https:\/\/yoast.com\/product\/yoast-seo-wordpress\/ -->\n<title>Najlepszy podn\u00f3\u017cek do fotelika - Okiday<\/title>\n<meta name=\"description\" content=\"Najcz\u0119\u015bciej wybierany przez rodzic\u00f3w. Podn\u00f3\u017cek Okiday do fotelika samochodowego. Trwa\u0142y i funkcjonalny podn\u00f3\u017cek z pi\u0119cioletni\u0105 gwarancj\u0105.\" \/>\n<meta name=\"robots\" content=\"index, follow, max-snippet:-1, max-image-preview:large, max-video-preview:-1\" \/>\n<link rel=\"canonical\" href=\"https:\/\/okiday.pl\/de\/fussstuetzen-fuer-autositze-2\/\" \/>\n<meta property=\"og:locale\" content=\"de_DE\" \/>\n<meta property=\"og:type\" content=\"article\" \/>\n<meta property=\"og:title\" content=\"Najlepszy podn\u00f3\u017cek do fotelika - Okiday\" \/>\n<meta property=\"og:description\" content=\"Najcz\u0119\u015bciej wybierany przez rodzic\u00f3w. Podn\u00f3\u017cek Okiday do fotelika samochodowego. Trwa\u0142y i funkcjonalny podn\u00f3\u017cek z pi\u0119cioletni\u0105 gwarancj\u0105.\" \/>\n<meta property=\"og:url\" content=\"https:\/\/okiday.pl\/de\/fussstuetzen-fuer-autositze-2\/\" \/>\n<meta property=\"og:site_name\" content=\"Okiday\" \/>\n<meta property=\"article:modified_time\" content=\"2026-02-27T21:01:47+00:00\" \/>\n<meta property=\"og:image\" content=\"https:\/\/okiday.pl\/wp-content\/uploads\/2023\/01\/op.jpg\" \/>\n\t<meta property=\"og:image:width\" content=\"1200\" \/>\n\t<meta property=\"og:image:height\" content=\"630\" \/>\n\t<meta property=\"og:image:type\" content=\"image\/jpeg\" \/>\n<meta name=\"twitter:card\" content=\"summary_large_image\" \/>\n<meta name=\"twitter:label1\" content=\"Gesch\u00e4tzte Lesezeit\" \/>\n\t<meta name=\"twitter:data1\" content=\"15\u00a0Minuten\" \/>\n<script type=\"application\/ld+json\" class=\"yoast-schema-graph\">{\"@context\":\"https:\\\/\\\/schema.org\",\"@graph\":[{\"@type\":\"WebPage\",\"@id\":\"https:\\\/\\\/okiday.pl\\\/de\\\/fussstuetzen-fuer-autositze-2\\\/\",\"url\":\"https:\\\/\\\/okiday.pl\\\/de\\\/fussstuetzen-fuer-autositze-2\\\/\",\"name\":\"Najlepszy podn\u00f3\u017cek do fotelika - Okiday\",\"isPartOf\":{\"@id\":\"https:\\\/\\\/okiday.pl\\\/de\\\/#website\"},\"datePublished\":\"2025-02-10T13:20:42+00:00\",\"dateModified\":\"2026-02-27T21:01:47+00:00\",\"description\":\"Najcz\u0119\u015bciej wybierany przez rodzic\u00f3w. Podn\u00f3\u017cek Okiday do fotelika samochodowego. Trwa\u0142y i funkcjonalny podn\u00f3\u017cek z pi\u0119cioletni\u0105 gwarancj\u0105.\",\"breadcrumb\":{\"@id\":\"https:\\\/\\\/okiday.pl\\\/de\\\/fussstuetzen-fuer-autositze-2\\\/#breadcrumb\"},\"inLanguage\":\"de\",\"potentialAction\":[{\"@type\":\"ReadAction\",\"target\":[\"https:\\\/\\\/okiday.pl\\\/de\\\/fussstuetzen-fuer-autositze-2\\\/\"]}]},{\"@type\":\"BreadcrumbList\",\"@id\":\"https:\\\/\\\/okiday.pl\\\/de\\\/fussstuetzen-fuer-autositze-2\\\/#breadcrumb\",\"itemListElement\":[{\"@type\":\"ListItem\",\"position\":1,\"name\":\"Strona g\u0142\u00f3wna\",\"item\":\"https:\\\/\\\/okiday.pl\\\/de\\\/\"},{\"@type\":\"ListItem\",\"position\":2,\"name\":\"Fu\u00dfst\u00fctzen f\u00fcr Autositze\"}]},{\"@type\":\"WebSite\",\"@id\":\"https:\\\/\\\/okiday.pl\\\/de\\\/#website\",\"url\":\"https:\\\/\\\/okiday.pl\\\/de\\\/\",\"name\":\"Okiday\",\"description\":\"\",\"potentialAction\":[{\"@type\":\"SearchAction\",\"target\":{\"@type\":\"EntryPoint\",\"urlTemplate\":\"https:\\\/\\\/okiday.pl\\\/de\\\/?s={search_term_string}\"},\"query-input\":{\"@type\":\"PropertyValueSpecification\",\"valueRequired\":true,\"valueName\":\"search_term_string\"}}],\"inLanguage\":\"de\"}]}<\/script>\n<!-- \/ Yoast SEO plugin. -->","yoast_head_json":{"title":"Najlepszy podn\u00f3\u017cek do fotelika - Okiday","description":"Najcz\u0119\u015bciej wybierany przez rodzic\u00f3w. Podn\u00f3\u017cek Okiday do fotelika samochodowego. Trwa\u0142y i funkcjonalny podn\u00f3\u017cek z pi\u0119cioletni\u0105 gwarancj\u0105.","robots":{"index":"index","follow":"follow","max-snippet":"max-snippet:-1","max-image-preview":"max-image-preview:large","max-video-preview":"max-video-preview:-1"},"canonical":"https:\/\/okiday.pl\/de\/fussstuetzen-fuer-autositze-2\/","og_locale":"de_DE","og_type":"article","og_title":"Najlepszy podn\u00f3\u017cek do fotelika - Okiday","og_description":"Najcz\u0119\u015bciej wybierany przez rodzic\u00f3w. Podn\u00f3\u017cek Okiday do fotelika samochodowego. Trwa\u0142y i funkcjonalny podn\u00f3\u017cek z pi\u0119cioletni\u0105 gwarancj\u0105.","og_url":"https:\/\/okiday.pl\/de\/fussstuetzen-fuer-autositze-2\/","og_site_name":"Okiday","article_modified_time":"2026-02-27T21:01:47+00:00","og_image":[{"width":1200,"height":630,"url":"https:\/\/okiday.pl\/wp-content\/uploads\/2023\/01\/op.jpg","type":"image\/jpeg"}],"twitter_card":"summary_large_image","twitter_misc":{"Gesch\u00e4tzte Lesezeit":"15\u00a0Minuten"},"schema":{"@context":"https:\/\/schema.org","@graph":[{"@type":"WebPage","@id":"https:\/\/okiday.pl\/de\/fussstuetzen-fuer-autositze-2\/","url":"https:\/\/okiday.pl\/de\/fussstuetzen-fuer-autositze-2\/","name":"Najlepszy podn\u00f3\u017cek do fotelika - Okiday","isPartOf":{"@id":"https:\/\/okiday.pl\/de\/#website"},"datePublished":"2025-02-10T13:20:42+00:00","dateModified":"2026-02-27T21:01:47+00:00","description":"Najcz\u0119\u015bciej wybierany przez rodzic\u00f3w. Podn\u00f3\u017cek Okiday do fotelika samochodowego. Trwa\u0142y i funkcjonalny podn\u00f3\u017cek z pi\u0119cioletni\u0105 gwarancj\u0105.","breadcrumb":{"@id":"https:\/\/okiday.pl\/de\/fussstuetzen-fuer-autositze-2\/#breadcrumb"},"inLanguage":"de","potentialAction":[{"@type":"ReadAction","target":["https:\/\/okiday.pl\/de\/fussstuetzen-fuer-autositze-2\/"]}]},{"@type":"BreadcrumbList","@id":"https:\/\/okiday.pl\/de\/fussstuetzen-fuer-autositze-2\/#breadcrumb","itemListElement":[{"@type":"ListItem","position":1,"name":"Strona g\u0142\u00f3wna","item":"https:\/\/okiday.pl\/de\/"},{"@type":"ListItem","position":2,"name":"Fu\u00dfst\u00fctzen f\u00fcr Autositze"}]},{"@type":"WebSite","@id":"https:\/\/okiday.pl\/de\/#website","url":"https:\/\/okiday.pl\/de\/","name":"Okiday","description":"","potentialAction":[{"@type":"SearchAction","target":{"@type":"EntryPoint","urlTemplate":"https:\/\/okiday.pl\/de\/?s={search_term_string}"},"query-input":{"@type":"PropertyValueSpecification","valueRequired":true,"valueName":"search_term_string"}}],"inLanguage":"de"}]}},"_links":{"self":[{"href":"https:\/\/okiday.pl\/de\/wp-json\/wp\/v2\/pages\/4610","targetHints":{"allow":["GET"]}}],"collection":[{"href":"https:\/\/okiday.pl\/de\/wp-json\/wp\/v2\/pages"}],"about":[{"href":"https:\/\/okiday.pl\/de\/wp-json\/wp\/v2\/types\/page"}],"author":[{"embeddable":true,"href":"https:\/\/okiday.pl\/de\/wp-json\/wp\/v2\/users\/1"}],"replies":[{"embeddable":true,"href":"https:\/\/okiday.pl\/de\/wp-json\/wp\/v2\/comments?post=4610"}],"version-history":[{"count":9,"href":"https:\/\/okiday.pl\/de\/wp-json\/wp\/v2\/pages\/4610\/revisions"}],"predecessor-version":[{"id":5029,"href":"https:\/\/okiday.pl\/de\/wp-json\/wp\/v2\/pages\/4610\/revisions\/5029"}],"wp:attachment":[{"href":"https:\/\/okiday.pl\/de\/wp-json\/wp\/v2\/media?parent=4610"}],"curies":[{"name":"wp","href":"https:\/\/api.w.org\/{rel}","templated":true}]}}