{"id":2572,"date":"2023-01-29T19:14:44","date_gmt":"2023-01-29T18:14:44","guid":{"rendered":"https:\/\/okiday.pl\/podnozki-do-fotelikow\/"},"modified":"2024-10-21T13:39:36","modified_gmt":"2024-10-21T11:39:36","slug":"fussstuetzen-fuer-autositze","status":"publish","type":"page","link":"https:\/\/okiday.pl\/de\/fussstuetzen-fuer-autositze\/","title":{"rendered":"Podn\u00f3\u017cki do fotelik\u00f3w"},"content":{"rendered":"","protected":false},"excerpt":{"rendered":"","protected":false},"author":1,"featured_media":0,"parent":0,"menu_order":0,"comment_status":"closed","ping_status":"closed","template":"template-podnozki.php","meta":{"_acf_changed":false,"footnotes":""},"class_list":["post-2572","page","type-page","status-publish","hentry"],"acf":[],"yoast_head":"<!-- This site is optimized with the Yoast SEO plugin v27.4 - https:\/\/yoast.com\/product\/yoast-seo-wordpress\/ -->\n<title>Podn\u00f3\u017cek do fotelika - Okiday - wygodna podr\u00f3\u017c dziecka w foteliku<\/title>\n<meta name=\"description\" content=\"Podn\u00f3\u017cek do fotelika marki OKIDAY - dowiedz si\u0119 co zyskasz, kiedy kupisz podn\u00f3\u017cek dla dziecka do fotelika - mi\u0142a i komfortowa podr\u00f3\u017c z OKIDAY\" \/>\n<meta name=\"robots\" content=\"index, follow, max-snippet:-1, max-image-preview:large, max-video-preview:-1\" \/>\n<link rel=\"canonical\" href=\"https:\/\/okiday.pl\/de\/fussstuetzen-fuer-autositze\/\" \/>\n<meta property=\"og:locale\" content=\"de_DE\" \/>\n<meta property=\"og:type\" content=\"article\" \/>\n<meta property=\"og:title\" content=\"Podn\u00f3\u017cek do fotelika - Okiday - wygodna podr\u00f3\u017c dziecka w foteliku\" \/>\n<meta property=\"og:description\" content=\"Podn\u00f3\u017cek do fotelika marki OKIDAY - dowiedz si\u0119 co zyskasz, kiedy kupisz podn\u00f3\u017cek dla dziecka do fotelika - mi\u0142a i komfortowa podr\u00f3\u017c z OKIDAY\" \/>\n<meta property=\"og:url\" content=\"https:\/\/okiday.pl\/de\/fussstuetzen-fuer-autositze\/\" \/>\n<meta property=\"og:site_name\" content=\"Okiday\" \/>\n<meta property=\"article:modified_time\" content=\"2024-10-21T11:39:36+00:00\" \/>\n<meta property=\"og:image\" content=\"https:\/\/okiday.pl\/wp-content\/uploads\/2023\/01\/op.jpg\" \/>\n\t<meta property=\"og:image:width\" content=\"1200\" \/>\n\t<meta property=\"og:image:height\" content=\"630\" \/>\n\t<meta property=\"og:image:type\" content=\"image\/jpeg\" \/>\n<meta name=\"twitter:card\" content=\"summary_large_image\" \/>\n<meta name=\"twitter:label1\" content=\"Gesch\u00e4tzte Lesezeit\" \/>\n\t<meta name=\"twitter:data1\" content=\"5\u00a0Minuten\" \/>\n<script type=\"application\/ld+json\" class=\"yoast-schema-graph\">{\"@context\":\"https:\\\/\\\/schema.org\",\"@graph\":[{\"@type\":\"WebPage\",\"@id\":\"https:\\\/\\\/okiday.pl\\\/de\\\/fussstuetzen-fuer-autositze\\\/\",\"url\":\"https:\\\/\\\/okiday.pl\\\/de\\\/fussstuetzen-fuer-autositze\\\/\",\"name\":\"Podn\u00f3\u017cek do fotelika - Okiday - wygodna podr\u00f3\u017c dziecka w foteliku\",\"isPartOf\":{\"@id\":\"https:\\\/\\\/okiday.pl\\\/de\\\/#website\"},\"datePublished\":\"2023-01-29T18:14:44+00:00\",\"dateModified\":\"2024-10-21T11:39:36+00:00\",\"description\":\"Podn\u00f3\u017cek do fotelika marki OKIDAY - dowiedz si\u0119 co zyskasz, kiedy kupisz podn\u00f3\u017cek dla dziecka do fotelika - mi\u0142a i komfortowa podr\u00f3\u017c z OKIDAY\",\"breadcrumb\":{\"@id\":\"https:\\\/\\\/okiday.pl\\\/de\\\/fussstuetzen-fuer-autositze\\\/#breadcrumb\"},\"inLanguage\":\"de\",\"potentialAction\":[{\"@type\":\"ReadAction\",\"target\":[\"https:\\\/\\\/okiday.pl\\\/de\\\/fussstuetzen-fuer-autositze\\\/\"]}]},{\"@type\":\"BreadcrumbList\",\"@id\":\"https:\\\/\\\/okiday.pl\\\/de\\\/fussstuetzen-fuer-autositze\\\/#breadcrumb\",\"itemListElement\":[{\"@type\":\"ListItem\",\"position\":1,\"name\":\"Strona g\u0142\u00f3wna\",\"item\":\"https:\\\/\\\/okiday.pl\\\/de\\\/\"},{\"@type\":\"ListItem\",\"position\":2,\"name\":\"Podn\u00f3\u017cki do&nbsp;fotelik\u00f3w\"}]},{\"@type\":\"WebSite\",\"@id\":\"https:\\\/\\\/okiday.pl\\\/de\\\/#website\",\"url\":\"https:\\\/\\\/okiday.pl\\\/de\\\/\",\"name\":\"Okiday\",\"description\":\"\",\"potentialAction\":[{\"@type\":\"SearchAction\",\"target\":{\"@type\":\"EntryPoint\",\"urlTemplate\":\"https:\\\/\\\/okiday.pl\\\/de\\\/?s={search_term_string}\"},\"query-input\":{\"@type\":\"PropertyValueSpecification\",\"valueRequired\":true,\"valueName\":\"search_term_string\"}}],\"inLanguage\":\"de\"}]}<\/script>\n<!-- \/ Yoast SEO plugin. -->","yoast_head_json":{"title":"Podn\u00f3\u017cek do fotelika - Okiday - wygodna podr\u00f3\u017c dziecka w foteliku","description":"Podn\u00f3\u017cek do fotelika marki OKIDAY - dowiedz si\u0119 co zyskasz, kiedy kupisz podn\u00f3\u017cek dla dziecka do fotelika - mi\u0142a i komfortowa podr\u00f3\u017c z OKIDAY","robots":{"index":"index","follow":"follow","max-snippet":"max-snippet:-1","max-image-preview":"max-image-preview:large","max-video-preview":"max-video-preview:-1"},"canonical":"https:\/\/okiday.pl\/de\/fussstuetzen-fuer-autositze\/","og_locale":"de_DE","og_type":"article","og_title":"Podn\u00f3\u017cek do fotelika - Okiday - wygodna podr\u00f3\u017c dziecka w foteliku","og_description":"Podn\u00f3\u017cek do fotelika marki OKIDAY - dowiedz si\u0119 co zyskasz, kiedy kupisz podn\u00f3\u017cek dla dziecka do fotelika - mi\u0142a i komfortowa podr\u00f3\u017c z OKIDAY","og_url":"https:\/\/okiday.pl\/de\/fussstuetzen-fuer-autositze\/","og_site_name":"Okiday","article_modified_time":"2024-10-21T11:39:36+00:00","og_image":[{"width":1200,"height":630,"url":"https:\/\/okiday.pl\/wp-content\/uploads\/2023\/01\/op.jpg","type":"image\/jpeg"}],"twitter_card":"summary_large_image","twitter_misc":{"Gesch\u00e4tzte Lesezeit":"5\u00a0Minuten"},"schema":{"@context":"https:\/\/schema.org","@graph":[{"@type":"WebPage","@id":"https:\/\/okiday.pl\/de\/fussstuetzen-fuer-autositze\/","url":"https:\/\/okiday.pl\/de\/fussstuetzen-fuer-autositze\/","name":"Podn\u00f3\u017cek do fotelika - Okiday - wygodna podr\u00f3\u017c dziecka w foteliku","isPartOf":{"@id":"https:\/\/okiday.pl\/de\/#website"},"datePublished":"2023-01-29T18:14:44+00:00","dateModified":"2024-10-21T11:39:36+00:00","description":"Podn\u00f3\u017cek do fotelika marki OKIDAY - dowiedz si\u0119 co zyskasz, kiedy kupisz podn\u00f3\u017cek dla dziecka do fotelika - mi\u0142a i komfortowa podr\u00f3\u017c z OKIDAY","breadcrumb":{"@id":"https:\/\/okiday.pl\/de\/fussstuetzen-fuer-autositze\/#breadcrumb"},"inLanguage":"de","potentialAction":[{"@type":"ReadAction","target":["https:\/\/okiday.pl\/de\/fussstuetzen-fuer-autositze\/"]}]},{"@type":"BreadcrumbList","@id":"https:\/\/okiday.pl\/de\/fussstuetzen-fuer-autositze\/#breadcrumb","itemListElement":[{"@type":"ListItem","position":1,"name":"Strona g\u0142\u00f3wna","item":"https:\/\/okiday.pl\/de\/"},{"@type":"ListItem","position":2,"name":"Podn\u00f3\u017cki do&nbsp;fotelik\u00f3w"}]},{"@type":"WebSite","@id":"https:\/\/okiday.pl\/de\/#website","url":"https:\/\/okiday.pl\/de\/","name":"Okiday","description":"","potentialAction":[{"@type":"SearchAction","target":{"@type":"EntryPoint","urlTemplate":"https:\/\/okiday.pl\/de\/?s={search_term_string}"},"query-input":{"@type":"PropertyValueSpecification","valueRequired":true,"valueName":"search_term_string"}}],"inLanguage":"de"}]}},"_links":{"self":[{"href":"https:\/\/okiday.pl\/de\/wp-json\/wp\/v2\/pages\/2572","targetHints":{"allow":["GET"]}}],"collection":[{"href":"https:\/\/okiday.pl\/de\/wp-json\/wp\/v2\/pages"}],"about":[{"href":"https:\/\/okiday.pl\/de\/wp-json\/wp\/v2\/types\/page"}],"author":[{"embeddable":true,"href":"https:\/\/okiday.pl\/de\/wp-json\/wp\/v2\/users\/1"}],"replies":[{"embeddable":true,"href":"https:\/\/okiday.pl\/de\/wp-json\/wp\/v2\/comments?post=2572"}],"version-history":[{"count":6,"href":"https:\/\/okiday.pl\/de\/wp-json\/wp\/v2\/pages\/2572\/revisions"}],"predecessor-version":[{"id":3757,"href":"https:\/\/okiday.pl\/de\/wp-json\/wp\/v2\/pages\/2572\/revisions\/3757"}],"wp:attachment":[{"href":"https:\/\/okiday.pl\/de\/wp-json\/wp\/v2\/media?parent=2572"}],"curies":[{"name":"wp","href":"https:\/\/api.w.org\/{rel}","templated":true}]}}