{"id":2348,"date":"2023-01-29T13:43:13","date_gmt":"2023-01-29T12:43:13","guid":{"rendered":"https:\/\/okiday.pl\/polityka-prywatnosci\/"},"modified":"2023-11-12T13:17:07","modified_gmt":"2023-11-12T12:17:07","slug":"polityka-prywatnosci","status":"publish","type":"page","link":"https:\/\/okiday.pl\/de\/polityka-prywatnosci\/","title":{"rendered":"Polityka prywatno\u015bci"},"content":{"rendered":"<p><strong>\u00a7 1<\/strong><br \/>\n<strong>ALLGEMEINE BESTIMMUNGEN<\/strong><\/p>\n<p>1. Der Administrator der \u00fcber den Shop https:\/\/okiday.pl erhobenen personenbezogenen Daten ist OKIDAY Sp\u00f3\u0142ka z ograniczon\u0105 odpowiedzialno\u015bci\u0105, eingetragen im Landesgerichtsregister unter der KRS-Nummer: 0000879892, NIP: 8641960850, REGON: 387982753, Adresse des Ortes Gesch\u00e4ftssitz Ko\u0107mierz\u00f3w 30, 27 -650 Samborzec, und Lieferadresse: ul. Sadowa 16\/23, 05-110 Jab\u0142onna, E-Mail-Adresse: hi@okiday.pl, im Folgenden \u201eAdministrator\u201c genannt und auch der Dienstleister.<\/p>\n<p>\u200d<br \/>\n2. Alle in dieser Datenschutzrichtlinie mit Gro\u00dfbuchstaben geschriebenen W\u00f6rter oder Ausdr\u00fccke sind gem\u00e4\u00df ihrer Definition in den Bestimmungen des https:\/\/okiday.pl-Shops zu verstehen.<\/p>\n<p><strong>\u00a7 2<\/strong><br \/>\n<strong>ZWECK UND UMFANG DER DATENERHEBUNG<\/strong><\/p>\n<p>1. Personenbezogene Daten werden zum Zwecke der Durchf\u00fchrung von Eink\u00e4ufen in unserem Online-Shop sowie zum Direktmarketing f\u00fcr unsere eigenen Produkte und Dienstleistungen verarbeitet, die in herk\u00f6mmlicher Form (auf Papier) durchgef\u00fchrt werden und die sog rechtlich berechtigtes Interesse des Unternehmers. Die Datenverarbeitung zu diesen Zwecken erfolgt auf Grundlage des Art. 6 Abs. 1 lit. f DSGVO. 6 Abschnitt 1 Buchstabe b), c) und f) Verordnung (EU) 2016\/679 des Europ\u00e4ischen Parlaments und des Rates vom 27. April 2016 zum Schutz nat\u00fcrlicher Personen bei der Verarbeitung personenbezogener Daten und zum freien Datenverkehr, und zur Aufhebung der Richtlinie 95\/46\/EG (DSGVO).<\/p>\n<p>\u200d<br \/>\n2. Nach gesonderter Einwilligung gem\u00e4\u00df Art. 6 Abschnitt 1 Buchstabe a) DSGVO kann eine Datenverarbeitung auch zum Zweck der elektronischen \u00dcbersendung von Werbeinformationen oder der Durchf\u00fchrung von Telefongespr\u00e4chen zum Zwecke der Direktwerbung erfolgen \u2013 i.V.m. Art. 10 Abschnitt 2 des Gesetzes vom 18. Juli 2002 \u00fcber die Erbringung elektronischer Dienste oder Art. Abschnitt 172 1 des Gesetzes vom 16. Juli 2004 \u2013 Telekommunikationsrecht, einschlie\u00dflich solcher, die sich aus der Profilerstellung ergeben, sofern der Nutzer seine entsprechende Einwilligung erteilt hat.<\/p>\n<p>\u200d<br \/>\n3. Wenn die Zustellung einer Bestellung erforderlich ist, k\u00f6nnen personenbezogene Daten ausschlie\u00dflich zum Zweck der Zustellung der Bestellung an Postbetreiber oder Spediteure weitergegeben werden.<\/p>\n<p>Personenbezogene Daten, die zu Zwecken im Zusammenhang mit der Abwicklung von K\u00e4ufen verarbeitet werden, werden f\u00fcr den Zeitraum verarbeitet, der f\u00fcr die Abwicklung von K\u00e4ufen und Bestellungen erforderlich ist. Danach werden die zu archivierenden Daten f\u00fcr den f\u00fcr die Verj\u00e4hrung von Anspr\u00fcchen angemessenen Zeitraum, d. h. 6 Jahre, gespeichert. Personenbezogene Daten, die f\u00fcr von der Einwilligungserkl\u00e4rung erfasste Marketingzwecke verarbeitet werden, werden bis zum Widerruf der Einwilligung verarbeitet.<\/p>\n<p>\u200d<br \/>\n4. Wenn festgestellt wird, dass die Verarbeitung personenbezogener Daten gegen die Bestimmungen der DSGVO verst\u00f6\u00dft, hat die betroffene Person das Recht, eine Beschwerde beim Generalinspektor f\u00fcr den Schutz personenbezogener Daten (ab 25. Mai 2018 beim Pr\u00e4sidenten des Amtes f\u00fcr Datenschutz) einzureichen Schutz personenbezogener Daten).<\/p>\n<p>\u200d<br \/>\n5. Die Angabe personenbezogener Daten ist freiwillig. Die Angabe personenbezogener Daten ist jedoch Voraussetzung f\u00fcr die Bestellung und die Nichtbereitstellung f\u00fchrt dazu, dass keine Produkte im Gesch\u00e4ft bestellt werden k\u00f6nnen.<\/p>\n<p>\u200d<br \/>\n6. Die Verarbeitung personenbezogener Daten erfolgt auch automatisiert im Rahmen eines Profilings, sofern der Nutzer hierzu gem\u00e4\u00df Art. 6 Abs. 1 lit. a DSGVO einwilligt. 6 Abschnitt 1 Buchstabe a) DSGVO. Die Folge des Profilings ist die Zuordnung eines Profils zu einer bestimmten Person, um Entscheidungen \u00fcber sie zu treffen oder ihre Vorlieben, Verhaltensweisen und Einstellungen zu analysieren oder vorherzusagen.<\/p>\n<p>\u200d<br \/>\n7. Der Administrator achtet besonders auf den Schutz der Interessen der betroffenen Personen und stellt insbesondere sicher, dass die von ihm erfassten Daten:<br \/>\na) rechtm\u00e4\u00dfig verarbeitet werden,<br \/>\nb) f\u00fcr bestimmte, rechtm\u00e4\u00dfige Zwecke erhoben und nicht einer mit diesen Zwecken unvereinbaren weiteren Verarbeitung unterzogen werden,<br \/>\nc) im Hinblick auf die Zwecke, f\u00fcr die sie verarbeitet werden, inhaltlich korrekt und angemessen sind und in einer Form gespeichert werden, die eine Identifizierung der Personen erm\u00f6glicht, auf die sie sich beziehen, und zwar nicht l\u00e4nger als dies zur Erreichung des Verarbeitungszwecks erforderlich ist.<\/p>\n<p><strong>\u00a7 3<\/strong><br \/>\n<strong>RECHT AUF KONTROLLE, ZUGRIFF AUF DEN INHALT IHRER EIGENEN DATEN UND DEREN KORRIGIERUNG<\/strong><br \/>\n1. Die betroffene Person hat das Recht auf Zugang zu ihren personenbezogenen Daten und das Recht auf Berichtigung, L\u00f6schung, Einschr\u00e4nkung der Verarbeitung, das Recht auf Daten\u00fcbertragung, das Recht auf Widerspruch und das Recht, die Einwilligung jederzeit zu widerrufen, ohne dass die Rechtm\u00e4\u00dfigkeit davon ber\u00fchrt wird Verarbeitung, die auf der Grundlage der Einwilligung vor ihrem Widerruf erfolgte.<\/p>\n<p>\u200d<br \/>\n2. Um die in Punkt 1 genannten Rechte auszu\u00fcben, k\u00f6nnen Sie eine entsprechende E-Mail an die folgende Adresse senden: hi@okiday.pl<\/p>\n<p><strong>\u00a7 4<\/strong><br \/>\n<strong>COOKIES<\/strong><\/p>\n<p>1. Der Shop des Dienstleisters verwendet \u201eCookies\u201c. Das Vers\u00e4umnis, die Browsereinstellungen seitens des Servicenehmers zu \u00e4ndern, kommt einer Zustimmung zu deren Nutzung gleich.<\/p>\n<p>\u200d<br \/>\n2. Die Installation von Cookies ist f\u00fcr die ordnungsgem\u00e4\u00dfe Bereitstellung der Dienste im Store erforderlich. \u201eCookies\u201c-Dateien enthalten Informationen, die f\u00fcr das ordnungsgem\u00e4\u00dfe Funktionieren des Shops erforderlich sind, insbesondere solche, die eine Genehmigung erfordern.<\/p>\n<p>\u200d<br \/>\n3. Der Store verwendet drei Arten von Cookies: \u201eSitzungs-\u201c, \u201epermanente\u201c und \u201eanalytische\u201c Cookies.<\/p>\n<p>\u200d<br \/>\n3.1. \u201eSitzungscookies\u201c sind tempor\u00e4re Dateien, die auf dem Endger\u00e4t des Servicenutzers gespeichert werden, bis er sich abmeldet (den Store verl\u00e4sst).<\/p>\n<p>\u200d<br \/>\n3.2. \u201ePermanente\u201c Cookie-Dateien werden auf dem Endger\u00e4t des Service-Empf\u00e4ngers f\u00fcr die in den Cookie-Datei-Parametern angegebene Zeit oder bis zu ihrer L\u00f6schung durch den Service-Empf\u00e4nger gespeichert.<\/p>\n<p>\u200d<br \/>\n3.3. \u201eAnalytische\u201c Cookies erm\u00f6glichen ein besseres Verst\u00e4ndnis dar\u00fcber, wie der Servicenutzer mit den Inhalten des Shops interagiert, und erm\u00f6glichen eine bessere Organisation seines Layouts. \u201eAnalytische\u201c Cookies sammeln Informationen dar\u00fcber, wie der Service-Benutzer den Store nutzt, \u00fcber die Art der Website, von der der Service-Benutzer weitergeleitet wurde, sowie \u00fcber die Anzahl der Besuche und die Dauer des Besuchs des Service-Benutzers auf der Website des Stores. Diese Informationen erfassen keine spezifischen personenbezogenen Daten des Servicenutzers, sondern werden zur Erstellung von Statistiken \u00fcber die Nutzung des Shops verwendet.<\/p>\n<p>4. Der Leistungsempf\u00e4nger hat das Recht, \u00fcber den Zugriff von \u201eCookies\u201c auf seinem Computer zu entscheiden, indem er diese vorab in seinem Browserfenster ausw\u00e4hlt. Detaillierte Informationen zu den M\u00f6glichkeiten und Methoden des Umgangs mit Cookies finden Sie in den Einstellungen der Software (Webbrowser).<\/p>\n<p><strong>\u00a7 5<\/strong><br \/>\n<strong>ENDG\u00dcLTIGE BESTIMMUNGEN<\/strong><\/p>\n<p>1. Der Administrator wendet technische und organisatorische Ma\u00dfnahmen an, um den Schutz der verarbeiteten personenbezogenen Daten entsprechend den Bedrohungen und Kategorien der gesch\u00fctzten Daten zu gew\u00e4hrleisten, und sch\u00fctzt insbesondere die Daten vor Offenlegung gegen\u00fcber Unbefugten, Entfernung durch Unbefugte, Verarbeitung unter Versto\u00df gegen geltende Vorschriften usw Ver\u00e4nderung, Verlust, Besch\u00e4digung oder Zerst\u00f6rung. .<\/p>\n<p>\u200d<br \/>\n2. Der Dienstanbieter sorgt f\u00fcr geeignete technische Ma\u00dfnahmen, um zu verhindern, dass Unbefugte auf elektronischem Wege \u00fcbermittelte personenbezogene Daten erhalten und \u00e4ndern.<\/p>\n<p>\u200d<br \/>\n3. In Angelegenheiten, die nicht durch diese Datenschutzrichtlinie abgedeckt sind, gelten die Bestimmungen der Gesch\u00e4ftsordnung des https:\/\/okiday.pl-Shops, die Bestimmungen der Verordnung (EU) 2016\/679 des Europ\u00e4ischen Parlaments und des Rates vom 27. April 2016 Der Schutz nat\u00fcrlicher Personen bei der Datenverarbeitung gilt entsprechend. personenbezogene Daten und zum freien Datenverkehr sowie zur Aufhebung der Richtlinie 95\/46\/EG (DSGVO) und anderer relevanter Bestimmungen des polnischen Rechts.<\/p>\n<p>\u200d<br \/>\n4. Die Bestimmungen dieser Datenschutzrichtlinie treten am 9. April 2021 in Kraft.<\/p>\n","protected":false},"excerpt":{"rendered":"<p>\u00a7 1 ALLGEMEINE BESTIMMUNGEN 1. Der Administrator der \u00fcber den Shop https:\/\/okiday.pl erhobenen personenbezogenen Daten ist OKIDAY Sp\u00f3\u0142ka z ograniczon\u0105 odpowiedzialno\u015bci\u0105, eingetragen im Landesgerichtsregister unter der KRS-Nummer: 0000879892, NIP: 8641960850, REGON: 387982753, Adresse des Ortes Gesch\u00e4ftssitz Ko\u0107mierz\u00f3w 30, 27 -650 Samborzec, und Lieferadresse: ul. Sadowa 16\/23, 05-110 Jab\u0142onna, E-Mail-Adresse: hi@okiday.pl, im Folgenden \u201eAdministrator\u201c genannt und [&hellip;]<\/p>\n","protected":false},"author":1,"featured_media":0,"parent":0,"menu_order":0,"comment_status":"closed","ping_status":"closed","template":"template-podstrona.php","meta":{"_acf_changed":false,"footnotes":""},"class_list":["post-2348","page","type-page","status-publish","hentry"],"acf":[],"yoast_head":"<!-- This site is optimized with the Yoast SEO plugin v27.3 - https:\/\/yoast.com\/product\/yoast-seo-wordpress\/ -->\n<title>Polityka prywatno\u015bci - Okiday<\/title>\n<meta name=\"robots\" content=\"index, follow, max-snippet:-1, max-image-preview:large, max-video-preview:-1\" \/>\n<link rel=\"canonical\" href=\"https:\/\/okiday.pl\/de\/polityka-prywatnosci\/\" \/>\n<meta property=\"og:locale\" content=\"de_DE\" \/>\n<meta property=\"og:type\" content=\"article\" \/>\n<meta property=\"og:title\" content=\"Polityka prywatno\u015bci - Okiday\" \/>\n<meta property=\"og:description\" content=\"\u00a7 1 ALLGEMEINE BESTIMMUNGEN 1. Der Administrator der \u00fcber den Shop https:\/\/okiday.pl erhobenen personenbezogenen Daten ist OKIDAY Sp\u00f3\u0142ka z ograniczon\u0105 odpowiedzialno\u015bci\u0105, eingetragen im Landesgerichtsregister unter der KRS-Nummer: 0000879892, NIP: 8641960850, REGON: 387982753, Adresse des Ortes Gesch\u00e4ftssitz Ko\u0107mierz\u00f3w 30, 27 -650 Samborzec, und Lieferadresse: ul. Sadowa 16\/23, 05-110 Jab\u0142onna, E-Mail-Adresse: hi@okiday.pl, im Folgenden \u201eAdministrator\u201c genannt und [&hellip;]\" \/>\n<meta property=\"og:url\" content=\"https:\/\/okiday.pl\/de\/polityka-prywatnosci\/\" \/>\n<meta property=\"og:site_name\" content=\"Okiday\" \/>\n<meta property=\"article:modified_time\" content=\"2023-11-12T12:17:07+00:00\" \/>\n<meta property=\"og:image\" content=\"https:\/\/okiday.pl\/wp-content\/uploads\/2023\/01\/op.jpg\" \/>\n\t<meta property=\"og:image:width\" content=\"1200\" \/>\n\t<meta property=\"og:image:height\" content=\"630\" \/>\n\t<meta property=\"og:image:type\" content=\"image\/jpeg\" \/>\n<meta name=\"twitter:card\" content=\"summary_large_image\" \/>\n<meta name=\"twitter:label1\" content=\"Gesch\u00e4tzte Lesezeit\" \/>\n\t<meta name=\"twitter:data1\" content=\"6\u00a0Minuten\" \/>\n<script type=\"application\/ld+json\" class=\"yoast-schema-graph\">{\"@context\":\"https:\\\/\\\/schema.org\",\"@graph\":[{\"@type\":\"WebPage\",\"@id\":\"https:\\\/\\\/okiday.pl\\\/de\\\/polityka-prywatnosci\\\/\",\"url\":\"https:\\\/\\\/okiday.pl\\\/de\\\/polityka-prywatnosci\\\/\",\"name\":\"Polityka prywatno\u015bci - Okiday\",\"isPartOf\":{\"@id\":\"https:\\\/\\\/okiday.pl\\\/de\\\/#website\"},\"datePublished\":\"2023-01-29T12:43:13+00:00\",\"dateModified\":\"2023-11-12T12:17:07+00:00\",\"breadcrumb\":{\"@id\":\"https:\\\/\\\/okiday.pl\\\/de\\\/polityka-prywatnosci\\\/#breadcrumb\"},\"inLanguage\":\"de\",\"potentialAction\":[{\"@type\":\"ReadAction\",\"target\":[\"https:\\\/\\\/okiday.pl\\\/de\\\/polityka-prywatnosci\\\/\"]}]},{\"@type\":\"BreadcrumbList\",\"@id\":\"https:\\\/\\\/okiday.pl\\\/de\\\/polityka-prywatnosci\\\/#breadcrumb\",\"itemListElement\":[{\"@type\":\"ListItem\",\"position\":1,\"name\":\"Strona g\u0142\u00f3wna\",\"item\":\"https:\\\/\\\/okiday.pl\\\/de\\\/\"},{\"@type\":\"ListItem\",\"position\":2,\"name\":\"Polityka prywatno\u015bci\"}]},{\"@type\":\"WebSite\",\"@id\":\"https:\\\/\\\/okiday.pl\\\/de\\\/#website\",\"url\":\"https:\\\/\\\/okiday.pl\\\/de\\\/\",\"name\":\"Okiday\",\"description\":\"\",\"potentialAction\":[{\"@type\":\"SearchAction\",\"target\":{\"@type\":\"EntryPoint\",\"urlTemplate\":\"https:\\\/\\\/okiday.pl\\\/de\\\/?s={search_term_string}\"},\"query-input\":{\"@type\":\"PropertyValueSpecification\",\"valueRequired\":true,\"valueName\":\"search_term_string\"}}],\"inLanguage\":\"de\"}]}<\/script>\n<!-- \/ Yoast SEO plugin. -->","yoast_head_json":{"title":"Polityka prywatno\u015bci - Okiday","robots":{"index":"index","follow":"follow","max-snippet":"max-snippet:-1","max-image-preview":"max-image-preview:large","max-video-preview":"max-video-preview:-1"},"canonical":"https:\/\/okiday.pl\/de\/polityka-prywatnosci\/","og_locale":"de_DE","og_type":"article","og_title":"Polityka prywatno\u015bci - Okiday","og_description":"\u00a7 1 ALLGEMEINE BESTIMMUNGEN 1. Der Administrator der \u00fcber den Shop https:\/\/okiday.pl erhobenen personenbezogenen Daten ist OKIDAY Sp\u00f3\u0142ka z ograniczon\u0105 odpowiedzialno\u015bci\u0105, eingetragen im Landesgerichtsregister unter der KRS-Nummer: 0000879892, NIP: 8641960850, REGON: 387982753, Adresse des Ortes Gesch\u00e4ftssitz Ko\u0107mierz\u00f3w 30, 27 -650 Samborzec, und Lieferadresse: ul. Sadowa 16\/23, 05-110 Jab\u0142onna, E-Mail-Adresse: hi@okiday.pl, im Folgenden \u201eAdministrator\u201c genannt und [&hellip;]","og_url":"https:\/\/okiday.pl\/de\/polityka-prywatnosci\/","og_site_name":"Okiday","article_modified_time":"2023-11-12T12:17:07+00:00","og_image":[{"width":1200,"height":630,"url":"https:\/\/okiday.pl\/wp-content\/uploads\/2023\/01\/op.jpg","type":"image\/jpeg"}],"twitter_card":"summary_large_image","twitter_misc":{"Gesch\u00e4tzte Lesezeit":"6\u00a0Minuten"},"schema":{"@context":"https:\/\/schema.org","@graph":[{"@type":"WebPage","@id":"https:\/\/okiday.pl\/de\/polityka-prywatnosci\/","url":"https:\/\/okiday.pl\/de\/polityka-prywatnosci\/","name":"Polityka prywatno\u015bci - Okiday","isPartOf":{"@id":"https:\/\/okiday.pl\/de\/#website"},"datePublished":"2023-01-29T12:43:13+00:00","dateModified":"2023-11-12T12:17:07+00:00","breadcrumb":{"@id":"https:\/\/okiday.pl\/de\/polityka-prywatnosci\/#breadcrumb"},"inLanguage":"de","potentialAction":[{"@type":"ReadAction","target":["https:\/\/okiday.pl\/de\/polityka-prywatnosci\/"]}]},{"@type":"BreadcrumbList","@id":"https:\/\/okiday.pl\/de\/polityka-prywatnosci\/#breadcrumb","itemListElement":[{"@type":"ListItem","position":1,"name":"Strona g\u0142\u00f3wna","item":"https:\/\/okiday.pl\/de\/"},{"@type":"ListItem","position":2,"name":"Polityka prywatno\u015bci"}]},{"@type":"WebSite","@id":"https:\/\/okiday.pl\/de\/#website","url":"https:\/\/okiday.pl\/de\/","name":"Okiday","description":"","potentialAction":[{"@type":"SearchAction","target":{"@type":"EntryPoint","urlTemplate":"https:\/\/okiday.pl\/de\/?s={search_term_string}"},"query-input":{"@type":"PropertyValueSpecification","valueRequired":true,"valueName":"search_term_string"}}],"inLanguage":"de"}]}},"_links":{"self":[{"href":"https:\/\/okiday.pl\/de\/wp-json\/wp\/v2\/pages\/2348","targetHints":{"allow":["GET"]}}],"collection":[{"href":"https:\/\/okiday.pl\/de\/wp-json\/wp\/v2\/pages"}],"about":[{"href":"https:\/\/okiday.pl\/de\/wp-json\/wp\/v2\/types\/page"}],"author":[{"embeddable":true,"href":"https:\/\/okiday.pl\/de\/wp-json\/wp\/v2\/users\/1"}],"replies":[{"embeddable":true,"href":"https:\/\/okiday.pl\/de\/wp-json\/wp\/v2\/comments?post=2348"}],"version-history":[{"count":2,"href":"https:\/\/okiday.pl\/de\/wp-json\/wp\/v2\/pages\/2348\/revisions"}],"predecessor-version":[{"id":2350,"href":"https:\/\/okiday.pl\/de\/wp-json\/wp\/v2\/pages\/2348\/revisions\/2350"}],"wp:attachment":[{"href":"https:\/\/okiday.pl\/de\/wp-json\/wp\/v2\/media?parent=2348"}],"curies":[{"name":"wp","href":"https:\/\/api.w.org\/{rel}","templated":true}]}}