{"id":2290,"date":"2023-03-23T19:12:55","date_gmt":"2023-03-23T18:12:55","guid":{"rendered":"https:\/\/okiday.pl\/podnozek-do-fotelika\/"},"modified":"2023-12-10T15:35:11","modified_gmt":"2023-12-10T14:35:11","slug":"podnozek-do-fotelika","status":"publish","type":"page","link":"https:\/\/okiday.pl\/de\/","title":{"rendered":"Strona g\u0142\u00f3wna"},"content":{"rendered":"","protected":false},"excerpt":{"rendered":"","protected":false},"author":1,"featured_media":0,"parent":0,"menu_order":0,"comment_status":"closed","ping_status":"closed","template":"template-glowna.php","meta":{"_acf_changed":false,"footnotes":""},"class_list":["post-2290","page","type-page","status-publish","hentry"],"acf":[],"yoast_head":"<!-- This site is optimized with the Yoast SEO plugin v27.4 - https:\/\/yoast.com\/product\/yoast-seo-wordpress\/ -->\n<title>Okiday - podn\u00f3\u017cek do fotelika, wygodna podr\u00f3\u017c Twojego dziecka w foteliku<\/title>\n<meta name=\"description\" content=\"Polski producent podn\u00f3\u017ck\u00f3w do fotelik\u00f3w dla dzieci i wk\u0142adek antypotowych do fotelik\u00f3w oraz biurek regulowanych. Poznaj nasz\u0105 ofert\u0119!\" \/>\n<meta name=\"robots\" content=\"index, follow, max-snippet:-1, max-image-preview:large, max-video-preview:-1\" \/>\n<link rel=\"canonical\" href=\"https:\/\/okiday.pl\/de\/\" \/>\n<meta property=\"og:locale\" content=\"de_DE\" \/>\n<meta property=\"og:type\" content=\"article\" \/>\n<meta property=\"og:title\" content=\"Okiday - podn\u00f3\u017cek do fotelika, wygodna podr\u00f3\u017c Twojego dziecka w foteliku\" \/>\n<meta property=\"og:description\" content=\"Polski producent podn\u00f3\u017ck\u00f3w do fotelik\u00f3w dla dzieci i wk\u0142adek antypotowych do fotelik\u00f3w oraz biurek regulowanych. Poznaj nasz\u0105 ofert\u0119!\" \/>\n<meta property=\"og:url\" content=\"https:\/\/okiday.pl\/de\/\" \/>\n<meta property=\"og:site_name\" content=\"Okiday\" \/>\n<meta property=\"article:modified_time\" content=\"2023-12-10T14:35:11+00:00\" \/>\n<meta property=\"og:image\" content=\"https:\/\/okiday.pl\/wp-content\/uploads\/2023\/01\/op.jpg\" \/>\n\t<meta property=\"og:image:width\" content=\"1200\" \/>\n\t<meta property=\"og:image:height\" content=\"630\" \/>\n\t<meta property=\"og:image:type\" content=\"image\/jpeg\" \/>\n<meta name=\"twitter:card\" content=\"summary_large_image\" \/>\n<script type=\"application\/ld+json\" class=\"yoast-schema-graph\">{\"@context\":\"https:\\\/\\\/schema.org\",\"@graph\":[{\"@type\":\"WebPage\",\"@id\":\"https:\\\/\\\/okiday.pl\\\/de\\\/\",\"url\":\"https:\\\/\\\/okiday.pl\\\/de\\\/\",\"name\":\"Okiday - podn\u00f3\u017cek do fotelika, wygodna podr\u00f3\u017c Twojego dziecka w foteliku\",\"isPartOf\":{\"@id\":\"https:\\\/\\\/okiday.pl\\\/de\\\/#website\"},\"datePublished\":\"2023-03-23T18:12:55+00:00\",\"dateModified\":\"2023-12-10T14:35:11+00:00\",\"description\":\"Polski producent podn\u00f3\u017ck\u00f3w do fotelik\u00f3w dla dzieci i wk\u0142adek antypotowych do fotelik\u00f3w oraz biurek regulowanych. Poznaj nasz\u0105 ofert\u0119!\",\"breadcrumb\":{\"@id\":\"https:\\\/\\\/okiday.pl\\\/de\\\/#breadcrumb\"},\"inLanguage\":\"de\",\"potentialAction\":[{\"@type\":\"ReadAction\",\"target\":[\"https:\\\/\\\/okiday.pl\\\/de\\\/\"]}]},{\"@type\":\"BreadcrumbList\",\"@id\":\"https:\\\/\\\/okiday.pl\\\/de\\\/#breadcrumb\",\"itemListElement\":[{\"@type\":\"ListItem\",\"position\":1,\"name\":\"Strona g\u0142\u00f3wna\",\"item\":\"https:\\\/\\\/okiday.pl\\\/de\\\/\"},{\"@type\":\"ListItem\",\"position\":2,\"name\":\"Strona g\u0142\u00f3wna\"}]},{\"@type\":\"WebSite\",\"@id\":\"https:\\\/\\\/okiday.pl\\\/de\\\/#website\",\"url\":\"https:\\\/\\\/okiday.pl\\\/de\\\/\",\"name\":\"Okiday\",\"description\":\"\",\"potentialAction\":[{\"@type\":\"SearchAction\",\"target\":{\"@type\":\"EntryPoint\",\"urlTemplate\":\"https:\\\/\\\/okiday.pl\\\/de\\\/?s={search_term_string}\"},\"query-input\":{\"@type\":\"PropertyValueSpecification\",\"valueRequired\":true,\"valueName\":\"search_term_string\"}}],\"inLanguage\":\"de\"}]}<\/script>\n<!-- \/ Yoast SEO plugin. -->","yoast_head_json":{"title":"Okiday - podn\u00f3\u017cek do fotelika, wygodna podr\u00f3\u017c Twojego dziecka w foteliku","description":"Polski producent podn\u00f3\u017ck\u00f3w do fotelik\u00f3w dla dzieci i wk\u0142adek antypotowych do fotelik\u00f3w oraz biurek regulowanych. Poznaj nasz\u0105 ofert\u0119!","robots":{"index":"index","follow":"follow","max-snippet":"max-snippet:-1","max-image-preview":"max-image-preview:large","max-video-preview":"max-video-preview:-1"},"canonical":"https:\/\/okiday.pl\/de\/","og_locale":"de_DE","og_type":"article","og_title":"Okiday - podn\u00f3\u017cek do fotelika, wygodna podr\u00f3\u017c Twojego dziecka w foteliku","og_description":"Polski producent podn\u00f3\u017ck\u00f3w do fotelik\u00f3w dla dzieci i wk\u0142adek antypotowych do fotelik\u00f3w oraz biurek regulowanych. Poznaj nasz\u0105 ofert\u0119!","og_url":"https:\/\/okiday.pl\/de\/","og_site_name":"Okiday","article_modified_time":"2023-12-10T14:35:11+00:00","og_image":[{"width":1200,"height":630,"url":"https:\/\/okiday.pl\/wp-content\/uploads\/2023\/01\/op.jpg","type":"image\/jpeg"}],"twitter_card":"summary_large_image","schema":{"@context":"https:\/\/schema.org","@graph":[{"@type":"WebPage","@id":"https:\/\/okiday.pl\/de\/","url":"https:\/\/okiday.pl\/de\/","name":"Okiday - podn\u00f3\u017cek do fotelika, wygodna podr\u00f3\u017c Twojego dziecka w foteliku","isPartOf":{"@id":"https:\/\/okiday.pl\/de\/#website"},"datePublished":"2023-03-23T18:12:55+00:00","dateModified":"2023-12-10T14:35:11+00:00","description":"Polski producent podn\u00f3\u017ck\u00f3w do fotelik\u00f3w dla dzieci i wk\u0142adek antypotowych do fotelik\u00f3w oraz biurek regulowanych. Poznaj nasz\u0105 ofert\u0119!","breadcrumb":{"@id":"https:\/\/okiday.pl\/de\/#breadcrumb"},"inLanguage":"de","potentialAction":[{"@type":"ReadAction","target":["https:\/\/okiday.pl\/de\/"]}]},{"@type":"BreadcrumbList","@id":"https:\/\/okiday.pl\/de\/#breadcrumb","itemListElement":[{"@type":"ListItem","position":1,"name":"Strona g\u0142\u00f3wna","item":"https:\/\/okiday.pl\/de\/"},{"@type":"ListItem","position":2,"name":"Strona g\u0142\u00f3wna"}]},{"@type":"WebSite","@id":"https:\/\/okiday.pl\/de\/#website","url":"https:\/\/okiday.pl\/de\/","name":"Okiday","description":"","potentialAction":[{"@type":"SearchAction","target":{"@type":"EntryPoint","urlTemplate":"https:\/\/okiday.pl\/de\/?s={search_term_string}"},"query-input":{"@type":"PropertyValueSpecification","valueRequired":true,"valueName":"search_term_string"}}],"inLanguage":"de"}]}},"_links":{"self":[{"href":"https:\/\/okiday.pl\/de\/wp-json\/wp\/v2\/pages\/2290","targetHints":{"allow":["GET"]}}],"collection":[{"href":"https:\/\/okiday.pl\/de\/wp-json\/wp\/v2\/pages"}],"about":[{"href":"https:\/\/okiday.pl\/de\/wp-json\/wp\/v2\/types\/page"}],"author":[{"embeddable":true,"href":"https:\/\/okiday.pl\/de\/wp-json\/wp\/v2\/users\/1"}],"replies":[{"embeddable":true,"href":"https:\/\/okiday.pl\/de\/wp-json\/wp\/v2\/comments?post=2290"}],"version-history":[{"count":5,"href":"https:\/\/okiday.pl\/de\/wp-json\/wp\/v2\/pages\/2290\/revisions"}],"predecessor-version":[{"id":2898,"href":"https:\/\/okiday.pl\/de\/wp-json\/wp\/v2\/pages\/2290\/revisions\/2898"}],"wp:attachment":[{"href":"https:\/\/okiday.pl\/de\/wp-json\/wp\/v2\/media?parent=2290"}],"curies":[{"name":"wp","href":"https:\/\/api.w.org\/{rel}","templated":true}]}}